{"id":107,"date":"2020-04-06T15:21:51","date_gmt":"2020-04-06T13:21:51","guid":{"rendered":"https:\/\/kitaalthornbach.de\/?page_id=107"},"modified":"2020-08-25T09:48:23","modified_gmt":"2020-08-25T07:48:23","slug":"elternbeirat-foerderverein","status":"publish","type":"page","link":"https:\/\/kitaalthornbach.de\/?page_id=107","title":{"rendered":"Elternbeirat &#038; F\u00f6rderverein"},"content":{"rendered":"<h4 style=\"text-align: center;\"><span style=\"color: #ba1a1a;\">Elternbeirat<\/span><\/h4>\n<p style=\"text-align: center;\"><span style=\"color: #ba1a1a;\">\u201eEltern\u201c \u2013 ohne Sie geht es nicht!<\/span><br \/>\n<span style=\"color: #ba1a1a;\">Wir m\u00f6chten die Eltern bei der Erziehung Ihrer Kinder unterst\u00fctzen. Die Zusammenarbeit mit den Eltern ist sehr wichtig. Mit Aufnahme in die KiTa, tritt eine neue Institution in das Leben des Kindes und seiner Familie. Im Interesse des Kindes ist eine vertrauensvolle und wertsch\u00e4tzende Zusammenarbeit zwischen Familie und KiTa-Team erforderlich.<\/span><br \/>\n<span style=\"color: #ba1a1a;\">Zu einem guten Verh\u00e4ltnis zwischen Eltern und dem p\u00e4d. Fachpersonal geh\u00f6rt f\u00fcr uns grunds\u00e4tzlich ein offenes Ohr, offener Umgang und Gespr\u00e4chsbereitschaft mit unterschiedlichen Ansichten und Meinungen, gegenseitige Informationen und Unterst\u00fctzung in Erziehung und Bildungsfragen.<\/span><br \/>\n<span style=\"color: #ba1a1a;\">Austauschm\u00f6glichkeiten:<\/span><br \/>\n<span style=\"color: #ba1a1a;\">o Bring- und Abholzeit<\/span><br \/>\n<span style=\"color: #ba1a1a;\">o Elternbriefe<\/span><br \/>\n<span style=\"color: #ba1a1a;\">o Elternabende<\/span><br \/>\n<span style=\"color: #ba1a1a;\">o Elternsprechtag (Entwicklungsgespr\u00e4che des Kindes)<\/span><br \/>\n<span style=\"color: #ba1a1a;\">o Informationen im Eingangsbereich<\/span><br \/>\n<span style=\"color: #ba1a1a;\">o Feste und Ferien<\/span><\/p>\n<p>&nbsp;<\/p>\n<h4><\/h4>\n<h4><\/h4>\n<h4 style=\"text-align: center;\"><span style=\"color: #ba1a1a;\">F\u00f6rderverein<\/span><\/h4>\n<p style=\"text-align: center;\"><span style=\"color: #ba1a1a;\">Wir brauchen Ihre Unterst\u00fctzung \u2013 Gemeinsam f\u00fcr Ihre Kinder<\/span><br \/>\n<span style=\"color: #ba1a1a;\">Genau hier \u00fcbernimmt der Verein!<\/span><\/p>\n<p style=\"text-align: center;\"><span style=\"color: #ba1a1a;\">Die Kosten f\u00fcr neue Stifte, neues Bastelmaterial, neue B\u00fccher, neue Puzzles, neue Spiele und nicht zu vergessen Geschenke f\u00fcr die Kinder an Ostern und Nikolaus und vieles mehr\u2026<\/span><br \/>\n<span style=\"color: #ba1a1a;\">Mit einem Mindestbeitrag von 12Euro im Jahr (1Euro pro Monat) sind Sie dabei.<\/span><\/p>\n<p style=\"text-align: center;\">\n","protected":false},"excerpt":{"rendered":"<p>Elternbeirat \u201eEltern\u201c \u2013 ohne Sie geht es nicht! Wir m\u00f6chten die Eltern bei der Erziehung Ihrer Kinder unterst\u00fctzen. Die Zusammenarbeit mit den Eltern ist sehr wichtig. Mit Aufnahme in die KiTa, tritt eine neue Institution in das Leben des Kindes &hellip; <\/p>\n","protected":false},"author":2,"featured_media":0,"parent":31,"menu_order":3,"comment_status":"closed","ping_status":"closed","template":"","meta":{"footnotes":""},"class_list":["post-107","page","type-page","status-publish","hentry"],"_links":{"self":[{"href":"https:\/\/kitaalthornbach.de\/index.php?rest_route=\/wp\/v2\/pages\/107","targetHints":{"allow":["GET"]}}],"collection":[{"href":"https:\/\/kitaalthornbach.de\/index.php?rest_route=\/wp\/v2\/pages"}],"about":[{"href":"https:\/\/kitaalthornbach.de\/index.php?rest_route=\/wp\/v2\/types\/page"}],"author":[{"embeddable":true,"href":"https:\/\/kitaalthornbach.de\/index.php?rest_route=\/wp\/v2\/users\/2"}],"replies":[{"embeddable":true,"href":"https:\/\/kitaalthornbach.de\/index.php?rest_route=%2Fwp%2Fv2%2Fcomments&post=107"}],"version-history":[{"count":8,"href":"https:\/\/kitaalthornbach.de\/index.php?rest_route=\/wp\/v2\/pages\/107\/revisions"}],"predecessor-version":[{"id":651,"href":"https:\/\/kitaalthornbach.de\/index.php?rest_route=\/wp\/v2\/pages\/107\/revisions\/651"}],"up":[{"embeddable":true,"href":"https:\/\/kitaalthornbach.de\/index.php?rest_route=\/wp\/v2\/pages\/31"}],"wp:attachment":[{"href":"https:\/\/kitaalthornbach.de\/index.php?rest_route=%2Fwp%2Fv2%2Fmedia&parent=107"}],"curies":[{"name":"wp","href":"https:\/\/api.w.org\/{rel}","templated":true}]}}