{"id":136,"date":"2020-06-12T10:44:00","date_gmt":"2020-06-12T08:44:00","guid":{"rendered":"https:\/\/kitaalthornbach.de\/?page_id=136"},"modified":"2020-08-21T09:47:27","modified_gmt":"2020-08-21T07:47:27","slug":"leitung-vorwort","status":"publish","type":"page","link":"https:\/\/kitaalthornbach.de\/?page_id=136","title":{"rendered":"Vorwort"},"content":{"rendered":"<p style=\"text-align: center;\"><strong><span style=\"color: #ba1a1a;\">\u201eSpiel ist die h\u00f6chste Form der Kindesentwicklung.(Friedrich Fr\u00f6bel)\u201c<\/span><\/strong><\/p>\n<p style=\"text-align: center;\"><span style=\"color: #ba1a1a;\">Herzlich Willkommen in der KiTa Storchennest Althornbach!<\/span><br \/>\n<span style=\"color: #ba1a1a;\">Mit unserer p\u00e4dagogischen Konzeption geben wir Ihnen einen ersten Einblick in unsere KiTa und in unsere p\u00e4dagogische Arbeit.<\/span><br \/>\n<span style=\"color: #ba1a1a;\">Im Mittelpunkt der KiTa steht das Leben, so wie es den Kindern hier und heute begegnet, mit all seinen Erlebnissen und Herausforderungen. Kinder von heute sind die Erwachsenen von morgen. Uns ist es wichtig, dass wir den Kindern sowie ihren Familien gr\u00f6\u00dftm\u00f6gliche Unterst\u00fctzung von Anfang an geben.<\/span><br \/>\n<span style=\"color: #ba1a1a;\">Als prot. Einrichtung handeln wir auf der Grundlage unseres christlichen Menschenbildes und respektieren jedes Kind mit seiner unverwechselbaren Pers\u00f6nlichkeit. Wir sind froh das Kind einen Teil seines Lebens begleiten zu d\u00fcrfen.<\/span><br \/>\n<span style=\"color: #ba1a1a;\">\u201eKomm wir gehen gemeinsam deinen Weg.\u201c<\/span><br \/>\n<span style=\"color: #ba1a1a;\">Als Erzieher sind wir unserer Vorbildfunktion stets bewusst. Die Qualit\u00e4t der Zusammenarbeit im Team ist uns sehr wichtig. Wir reflektieren uns gegenseitig und gehen wertsch\u00e4tzend miteinander um. So bieten wir den Kindern Orientierung im Zusammenspiel miteinander und unterst\u00fctzen sie im Erlernen pro-sozialer Verhaltensweisen. Unsere professionelle Haltung steht dabei immer an erster Stelle.<\/span><br \/>\n<span style=\"color: #ba1a1a;\">Wir Menschen handeln in unserem Leben nach unterschiedlichen Werten. Werte bestimmen unsere Ziele, st\u00e4rken unsere Pers\u00f6nlichkeit. Wir als Erzieher merken bzw. stellen fest, dass wir zum Teil unterschiedliche Werte f\u00fcr unser Leben und unsere Arbeit mit den Kindern als besonders bedeutsam betrachten. Es ist uns wichtig, dass wir alle gemeinsam an einem \u201eStrang\u201c ziehen. Wir m\u00f6chten Werte benennen, die wir hilfreich f\u00fcr unseren Umgang empfinden und als erstrebenswert ansehen.<\/span><br \/>\n<span style=\"color: #ba1a1a;\">Werte die uns leiten:<\/span><\/p>\n<p style=\"text-align: center;\"><span style=\"color: #ba1a1a;\"> Toleranz<br \/>\n<\/span><span style=\"color: #ba1a1a;\">Sicherheit<br \/>\n<\/span><span style=\"color: #ba1a1a;\">Verbundenheit<br \/>\n<\/span><span style=\"color: #ba1a1a;\">Individualit\u00e4t<br \/>\n<\/span><span style=\"color: #ba1a1a;\">Respekt<br \/>\n<\/span><span style=\"color: #ba1a1a;\">Lebensfreude<br \/>\n<\/span><span style=\"color: #ba1a1a;\">Gerechtigkeit<br \/>\n<\/span><span style=\"color: #ba1a1a;\">Solidarit\u00e4t<br \/>\n<\/span><span style=\"color: #ba1a1a;\">Freiheit<\/span><\/p>\n<p style=\"text-align: center;\"><strong><span style=\"color: #ba1a1a;\">Haben wir Sie neugierig gemacht? Dann sprechen Sie uns an.<\/span><\/strong><br \/>\n<strong><span style=\"color: #ba1a1a;\">KiTa Team Althornbach<\/span><\/strong><\/p>\n","protected":false},"excerpt":{"rendered":"<p>\u201eSpiel ist die h\u00f6chste Form der Kindesentwicklung.(Friedrich Fr\u00f6bel)\u201c Herzlich Willkommen in der KiTa Storchennest Althornbach! Mit unserer p\u00e4dagogischen Konzeption geben wir Ihnen einen ersten Einblick in unsere KiTa und in unsere p\u00e4dagogische Arbeit. Im Mittelpunkt der KiTa steht das Leben, &hellip; <\/p>\n","protected":false},"author":2,"featured_media":0,"parent":0,"menu_order":0,"comment_status":"closed","ping_status":"closed","template":"","meta":{"footnotes":""},"class_list":["post-136","page","type-page","status-publish","hentry"],"_links":{"self":[{"href":"https:\/\/kitaalthornbach.de\/index.php?rest_route=\/wp\/v2\/pages\/136","targetHints":{"allow":["GET"]}}],"collection":[{"href":"https:\/\/kitaalthornbach.de\/index.php?rest_route=\/wp\/v2\/pages"}],"about":[{"href":"https:\/\/kitaalthornbach.de\/index.php?rest_route=\/wp\/v2\/types\/page"}],"author":[{"embeddable":true,"href":"https:\/\/kitaalthornbach.de\/index.php?rest_route=\/wp\/v2\/users\/2"}],"replies":[{"embeddable":true,"href":"https:\/\/kitaalthornbach.de\/index.php?rest_route=%2Fwp%2Fv2%2Fcomments&post=136"}],"version-history":[{"count":6,"href":"https:\/\/kitaalthornbach.de\/index.php?rest_route=\/wp\/v2\/pages\/136\/revisions"}],"predecessor-version":[{"id":623,"href":"https:\/\/kitaalthornbach.de\/index.php?rest_route=\/wp\/v2\/pages\/136\/revisions\/623"}],"wp:attachment":[{"href":"https:\/\/kitaalthornbach.de\/index.php?rest_route=%2Fwp%2Fv2%2Fmedia&parent=136"}],"curies":[{"name":"wp","href":"https:\/\/api.w.org\/{rel}","templated":true}]}}