{"id":137,"date":"2020-05-07T10:43:19","date_gmt":"2020-05-07T08:43:19","guid":{"rendered":"https:\/\/kitaalthornbach.de\/?page_id=137"},"modified":"2021-01-12T12:40:06","modified_gmt":"2021-01-12T11:40:06","slug":"konzeption","status":"publish","type":"page","link":"https:\/\/kitaalthornbach.de\/?page_id=137","title":{"rendered":"Konzeption"},"content":{"rendered":"<p style=\"text-align: center;\"><span style=\"color: #ba1a1a;\"><strong><em>\u201eNur da, wo Kinder sich wohl f\u00fchlen, lernen sie f\u00fcrs Leben!\u201c<\/em><\/strong><\/span><\/p>\n<p style=\"text-align: center;\"><span style=\"color: #ba1a1a;\"><strong><em>\u00a0<\/em><\/strong><\/span><span style=\"color: #ba1a1a;\">Die Kita unterst\u00fctzt und erg\u00e4nzt die Erziehung des Kindes in der Familie. Sie ist f\u00fcr viele Kinder der erste Ort, au\u00dferfamili\u00e4re Schritte zu tun. Ein neuer Lebensabschnitt beginnt f\u00fcr das Kind, aber auch f\u00fcr seine Eltern. Durch einen herzlichen und respektvollen Umgang m\u00f6chten wir diese Lebensphase f\u00fcr Klein und Gro\u00df angenehm gestalten.<\/span><\/p>\n<p style=\"text-align: center;\"><span style=\"color: #ba1a1a;\">Wir verstehen unsere Kita als ein Ort der Geborgenheit, der Sicherheit, des Erlebens, des Lernens und der Begegnung.<\/span><\/p>\n<p style=\"text-align: center;\"><span style=\"color: #ba1a1a;\">Werte, die uns in unserer t\u00e4glichen Arbeit leiten sind: Individualit\u00e4t, Respekt, Verbundenheit, Toleranz, Wertsch\u00e4tzung und nicht zuletzt Lebensfreude.<\/span><\/p>\n<p style=\"text-align: center;\"><span style=\"color: #ba1a1a;\">Wir wollen dem Kind die M\u00f6glichkeit er\u00f6ffnen, sich, die anderen und seine Umwelt zu entdecken und begegnen ihm auf Augenh\u00f6he. Das Kind steht im Mittelpunkt unseres Tuns.<\/span><\/p>\n<p style=\"text-align: center;\"><span style=\"color: #ba1a1a;\">Wir bem\u00fchen uns, jedes Kind gem\u00e4\u00df seiner Entwicklung und seiner Bed\u00fcrfnisse altersgerecht mit unseren p\u00e4d. Angeboten optimal zu f\u00f6rdern.<\/span><\/p>\n<p style=\"text-align: center;\"><span style=\"color: #ba1a1a;\">Ein grob strukturierter Tagesablauf, Wochenrhythmus und Jahreskreis dient dem Kind als Rahmen, der ihm Sicherheit und Orientierung gibt, aber auch Grenzen setzt.<\/span><\/p>\n<p style=\"text-align: center;\"><span style=\"color: #ba1a1a;\">Wenn Sie mehr \u00fcber unsere p\u00e4d. Arbeit erfahren m\u00f6chten, steht Ihnen unsere Gesamtkonzeption als Download \u00a0<a href=\"https:\/\/kitaalthornbach.de\/wp-content\/uploads\/2020\/05\/Konzeption-neu-Inhalt-pdf.pdf\"><span style=\"color: #0000ff;\">hier<\/span><\/a>\u00a0 zur Verf\u00fcgung.<\/span><\/p>\n<p>&nbsp;<\/p>\n","protected":false},"excerpt":{"rendered":"<p>\u201eNur da, wo Kinder sich wohl f\u00fchlen, lernen sie f\u00fcrs Leben!\u201c \u00a0Die Kita unterst\u00fctzt und erg\u00e4nzt die Erziehung des Kindes in der Familie. Sie ist f\u00fcr viele Kinder der erste Ort, au\u00dferfamili\u00e4re Schritte zu tun. Ein neuer Lebensabschnitt beginnt f\u00fcr &hellip; <\/p>\n","protected":false},"author":2,"featured_media":0,"parent":0,"menu_order":0,"comment_status":"closed","ping_status":"closed","template":"","meta":{"footnotes":""},"class_list":["post-137","page","type-page","status-publish","hentry"],"_links":{"self":[{"href":"https:\/\/kitaalthornbach.de\/index.php?rest_route=\/wp\/v2\/pages\/137","targetHints":{"allow":["GET"]}}],"collection":[{"href":"https:\/\/kitaalthornbach.de\/index.php?rest_route=\/wp\/v2\/pages"}],"about":[{"href":"https:\/\/kitaalthornbach.de\/index.php?rest_route=\/wp\/v2\/types\/page"}],"author":[{"embeddable":true,"href":"https:\/\/kitaalthornbach.de\/index.php?rest_route=\/wp\/v2\/users\/2"}],"replies":[{"embeddable":true,"href":"https:\/\/kitaalthornbach.de\/index.php?rest_route=%2Fwp%2Fv2%2Fcomments&post=137"}],"version-history":[{"count":10,"href":"https:\/\/kitaalthornbach.de\/index.php?rest_route=\/wp\/v2\/pages\/137\/revisions"}],"predecessor-version":[{"id":389,"href":"https:\/\/kitaalthornbach.de\/index.php?rest_route=\/wp\/v2\/pages\/137\/revisions\/389"}],"wp:attachment":[{"href":"https:\/\/kitaalthornbach.de\/index.php?rest_route=%2Fwp%2Fv2%2Fmedia&parent=137"}],"curies":[{"name":"wp","href":"https:\/\/api.w.org\/{rel}","templated":true}]}}