{"id":142,"date":"2020-06-12T10:44:00","date_gmt":"2020-06-12T08:44:00","guid":{"rendered":"https:\/\/kitaalthornbach.de\/?page_id=142"},"modified":"2020-07-31T13:25:38","modified_gmt":"2020-07-31T11:25:38","slug":"qualitaet-qm","status":"publish","type":"page","link":"https:\/\/kitaalthornbach.de\/?page_id=142","title":{"rendered":"Kita+QM"},"content":{"rendered":"<p><img loading=\"lazy\" decoding=\"async\" class=\"alignnone wp-image-326 aligncenter\" src=\"https:\/\/kitaalthornbach.de\/wp-content\/uploads\/2020\/07\/acdae8544c-300x74.jpg\" alt=\"\" width=\"591\" height=\"146\" srcset=\"https:\/\/kitaalthornbach.de\/wp-content\/uploads\/2020\/07\/acdae8544c-300x74.jpg 300w, https:\/\/kitaalthornbach.de\/wp-content\/uploads\/2020\/07\/acdae8544c.jpg 585w\" sizes=\"auto, (max-width: 591px) 100vw, 591px\" \/><\/p>\n<p style=\"text-align: center;\"><span style=\"color: #ba1a1a;\">Unsere KiTa nimmt am Qualit\u00e4tsmanagement KiTa+ QM des Diakonischen Werkes teil. Dieses f\u00f6rdert die Qualit\u00e4tsentwicklung in der prot. Kindertageseinrichtung.<\/span><br \/>\n<span style=\"color: #ba1a1a;\">In regelm\u00e4\u00dfigen Abst\u00e4nden wird an den Teamtagen mit Erziehern, Eltern, dem Tr\u00e4ger oder sonstigen Personen, Qualit\u00e4tsstandards besprochen, diskutiert, evaluiert und verbindlich festgelegt.<\/span><\/p>\n<p>&nbsp;<\/p>\n<p style=\"text-align: center;\"><span style=\"color: #ba1a1a;\"> Seit M\u00e4rz 2017 sind wir zertifizierte Kita f\u00fcr Qualit\u00e4tsmanagement des Diakonisches Werkes.<\/span><\/p>\n<p>&nbsp;<\/p>\n<p><a href=\"https:\/\/kitaalthornbach.de\/wp-content\/uploads\/2020\/07\/QM-1.jpg\"><img loading=\"lazy\" decoding=\"async\" class=\"wp-image-497 aligncenter\" src=\"https:\/\/kitaalthornbach.de\/wp-content\/uploads\/2020\/07\/QM-1-300x300.jpg\" alt=\"\" width=\"1090\" height=\"1090\" srcset=\"https:\/\/kitaalthornbach.de\/wp-content\/uploads\/2020\/07\/QM-1-300x300.jpg 300w, https:\/\/kitaalthornbach.de\/wp-content\/uploads\/2020\/07\/QM-1-1024x1024.jpg 1024w, https:\/\/kitaalthornbach.de\/wp-content\/uploads\/2020\/07\/QM-1-150x150.jpg 150w, https:\/\/kitaalthornbach.de\/wp-content\/uploads\/2020\/07\/QM-1-768x768.jpg 768w, https:\/\/kitaalthornbach.de\/wp-content\/uploads\/2020\/07\/QM-1.jpg 1536w\" sizes=\"auto, (max-width: 1090px) 100vw, 1090px\" \/><\/a><\/p>\n","protected":false},"excerpt":{"rendered":"<p>Unsere KiTa nimmt am Qualit\u00e4tsmanagement KiTa+ QM des Diakonischen Werkes teil. Dieses f\u00f6rdert die Qualit\u00e4tsentwicklung in der prot. Kindertageseinrichtung. In regelm\u00e4\u00dfigen Abst\u00e4nden wird an den Teamtagen mit Erziehern, Eltern, dem Tr\u00e4ger oder sonstigen Personen, Qualit\u00e4tsstandards besprochen, diskutiert, evaluiert und verbindlich &hellip; <\/p>\n","protected":false},"author":2,"featured_media":0,"parent":0,"menu_order":0,"comment_status":"closed","ping_status":"closed","template":"","meta":{"footnotes":""},"class_list":["post-142","page","type-page","status-publish","hentry"],"_links":{"self":[{"href":"https:\/\/kitaalthornbach.de\/index.php?rest_route=\/wp\/v2\/pages\/142","targetHints":{"allow":["GET"]}}],"collection":[{"href":"https:\/\/kitaalthornbach.de\/index.php?rest_route=\/wp\/v2\/pages"}],"about":[{"href":"https:\/\/kitaalthornbach.de\/index.php?rest_route=\/wp\/v2\/types\/page"}],"author":[{"embeddable":true,"href":"https:\/\/kitaalthornbach.de\/index.php?rest_route=\/wp\/v2\/users\/2"}],"replies":[{"embeddable":true,"href":"https:\/\/kitaalthornbach.de\/index.php?rest_route=%2Fwp%2Fv2%2Fcomments&post=142"}],"version-history":[{"count":10,"href":"https:\/\/kitaalthornbach.de\/index.php?rest_route=\/wp\/v2\/pages\/142\/revisions"}],"predecessor-version":[{"id":570,"href":"https:\/\/kitaalthornbach.de\/index.php?rest_route=\/wp\/v2\/pages\/142\/revisions\/570"}],"wp:attachment":[{"href":"https:\/\/kitaalthornbach.de\/index.php?rest_route=%2Fwp%2Fv2%2Fmedia&parent=142"}],"curies":[{"name":"wp","href":"https:\/\/api.w.org\/{rel}","templated":true}]}}