{"id":299,"date":"2020-06-15T16:09:27","date_gmt":"2020-06-15T14:09:27","guid":{"rendered":"https:\/\/kitaalthornbach.de\/?page_id=299"},"modified":"2020-09-01T13:29:22","modified_gmt":"2020-09-01T11:29:22","slug":"unsere-gruppen","status":"publish","type":"page","link":"https:\/\/kitaalthornbach.de\/?page_id=299","title":{"rendered":"Unsere Gruppen"},"content":{"rendered":"<p style=\"text-align: center;\"><span style=\"color: #ba1a1a;\">Unsere Kindertagesst\u00e4tte besteht aus der <\/span><\/p>\n<p style=\"text-align: center;\"><span style=\"color: #ba1a1a;\">Spatzen- und der Igelgruppe mit insgesamt<strong> 47 Kindern<\/strong>.<\/span><\/p>\n<p>&nbsp;<\/p>\n<h2 style=\"text-align: center;\"><strong><span style=\"color: #ba1a1a;\">Igelgruppe<\/span><\/strong><\/h2>\n<p style=\"text-align: center;\"><span style=\"color: #ba1a1a;\">Hallo, wir sind die Igelein,<\/span><\/p>\n<p style=\"text-align: center;\"><span style=\"color: #ba1a1a;\">von 2-4, nicht mehr ganz klein.<\/span><\/p>\n<p style=\"text-align: center;\"><span style=\"color: #ba1a1a;\">Bei uns kann man spielen, kuscheln, lachen<\/span><\/p>\n<p style=\"text-align: center;\"><span style=\"color: #ba1a1a;\">und viele tolle Sachen machen.<\/span><\/p>\n<p style=\"text-align: center;\"><span style=\"color: #ba1a1a;\">Hier gibt\u00b4s so allerhand:<\/span><\/p>\n<p style=\"text-align: center;\"><span style=\"color: #ba1a1a;\">Turnen, basteln und spielen im Sand.<\/span><\/p>\n<p style=\"text-align: center;\"><span style=\"color: #ba1a1a;\">Keiner ist hier allein,<\/span><\/p>\n<p style=\"text-align: center;\"><span style=\"color: #ba1a1a;\">komm herein Kind lass uns Freunde sein!<\/span><\/p>\n<p>&nbsp;<\/p>\n<h2 style=\"text-align: center;\"><span style=\"color: #ba1a1a;\"><strong>Tagesablauf der Igel aus Kindersicht<\/strong><\/span><\/h2>\n<p style=\"text-align: center;\"><span style=\"color: #ba1a1a;\"><strong>\u00a0<\/strong><\/span><span style=\"color: #ba1a1a;\">Hallo, ich bin die Mila und bin 3 Jahre alt. Ich bin in der Igelgruppe im Kindergarten und mir macht es hier viel Spa\u00df.<\/span><span style=\"color: #ba1a1a;\">Morgens bringt mich meine Mama oder mein Papa in den Kindergarten. Ich ziehe meine Hausschuhe an und gehe dann in die Igelgruppe. Manchmal m\u00f6chte ich gerne noch kurz bei einer Erzieherin sitzen bevor ich mit den Kindern spielen gehe. <\/span><span style=\"color: #ba1a1a;\">Wenn die Spatzen in ihre Gruppe gehen, gehen wir im Bad H\u00e4nde waschen und dann fr\u00fchst\u00fccken. Danach machen wir einen Spielkreis mit der Anwesenheitsliste wo wir zuerst sagen k\u00f6nnen ob wir da sind oder uns eine Lieblingsliste (z.B. jeder sagt wenn er dran ist seine Lieblingsfarbe) aussuchen d\u00fcrfen. Dann spielen wir noch etwas, da darf dann meistens ein Kind in den Spielesack greifen und ein K\u00e4rtchen mit einem Spiel herausziehen. Heute bin ich dran. Hurra, ich habe den \u201edicken Tanzb\u00e4r\u201c gezogen und darf mit dem Spiel anfangen. Als zweiten Spieler w\u00e4hle ich mir Tim aus und so weiter\u2026 Jetzt darf Kimi die n\u00e4chste Karte aus dem Sack ziehen: \u201eDie zehn kleinen Zappelm\u00e4nner\u201c, die liebe ich auch. Der Kreis ist toll, aber es ist auch sch\u00f6n wenn er fertig ist weil ich dann wieder mit meinen Freunden in der Puppenecke spielen kann. Oder, manchmal wenn das Wetter gut ist, gehen wir auch gleich drau\u00dfen spielen. Dann gehe ich am liebsten in den Sandkasten oder auf den Kletterbaum. Wenn es sch\u00f6n warm ist bauen die Erzieher auch die Wasserbahn auf oder wir machen Matsch im Sandkasten. Das ist toll. <\/span><span style=\"color: #ba1a1a;\">Wir haben auch \u00f6fter Projekte, an denen wir alle abwechselnd mit d\u00fcrfen und verschiedene Sachen machen z.B. mit Wasserfarben malen, eine Klanggeschichte oder ein Buch h\u00f6ren, Turnen, Singen, mit Rasierschaum malen und noch viele andere Dinge. <\/span><span style=\"color: #ba1a1a;\">Mittags gehen wir zum Mittagessen in unsere Gruppe oder werden abgeholt und essen zuhause. Heute gibt es in der Kita selbstgemachte Pizza und Salat und als Nachspeise Vanille- und Schokopudding. <\/span><span style=\"color: #ba1a1a;\">Da ich nun schon ganz doll m\u00fcde bin gehe ich mit Jan und Nele schlafen. Eine Erzieherin passt dann immer auf uns auf und es l\u00e4uft sch\u00f6ne Musik, da schlafe ich ganz schnell ein. <\/span><span style=\"color: #ba1a1a;\">Wenn ich wieder wach bin kann ich oft noch ein bisschen spielen und werde bald von meiner Mama oder meinem Papa abgeholt. <\/span><span style=\"color: #ba1a1a;\">Das war wieder ein toller Tag im Kindergarten und ich freue mich schon darauf das ich morgen wieder kommen kann.<\/span><\/p>\n<p style=\"text-align: center;\"><span style=\"color: #ba1a1a;\">Tsch\u00fc\u00df, eure Mila.<\/span><\/p>\n<p>&nbsp;<\/p>\n<p>&nbsp;<\/p>\n<p>&nbsp;<\/p>\n<h2 style=\"text-align: center;\"><strong><span style=\"color: #ba1a1a;\">Spatzengruppe<\/span><\/strong><\/h2>\n<p style=\"text-align: center;\"><span style=\"color: #ba1a1a;\">Hallo, wir sind die Spatzengruppe!<\/span><\/p>\n<p style=\"text-align: center;\"><span style=\"color: #ba1a1a;\">Ehrlich: eine richtig tolle Truppe!<\/span><\/p>\n<p style=\"text-align: center;\"><span style=\"color: #ba1a1a;\">Wir spielen, basteln, backen hier,<\/span><\/p>\n<p style=\"text-align: center;\"><span style=\"color: #ba1a1a;\">wir lernen Zahlen mehr als vier!<\/span><\/p>\n<p style=\"text-align: center;\"><span style=\"color: #ba1a1a;\">Singen tun wir total gerne,<\/span><\/p>\n<p style=\"text-align: center;\"><span style=\"color: #ba1a1a;\">man h\u00f6rt uns schon aus weiter Ferne.<\/span><\/p>\n<p style=\"text-align: center;\"><span style=\"color: #ba1a1a;\">Wir turnen, kuscheln, reimen da,<\/span><\/p>\n<p style=\"text-align: center;\"><span style=\"color: #ba1a1a;\">das Forschen ist ganz wunderbar.<\/span><\/p>\n<p style=\"text-align: center;\"><span style=\"color: #ba1a1a;\">Mit Formen kennen wir uns aus,<\/span><\/p>\n<p style=\"text-align: center;\"><span style=\"color: #ba1a1a;\">wir gehen auch sehr gerne raus.<\/span><\/p>\n<p style=\"text-align: center;\"><span style=\"color: #ba1a1a;\">Wir sch\u00fctzen die Natur,<\/span><\/p>\n<p style=\"text-align: center;\"><span style=\"color: #ba1a1a;\">und gehen oft auf Entdeckungstour.<\/span><\/p>\n<p style=\"text-align: center;\"><span style=\"color: #ba1a1a;\">Bei uns ist immer etwas los,<\/span><\/p>\n<p style=\"text-align: center;\"><span style=\"color: #ba1a1a;\">wir Spatzen sind einfach grandios!<\/span><\/p>\n<p>&nbsp;<\/p>\n<h2 style=\"text-align: center;\"><span style=\"color: #ba1a1a;\"><strong>Tagesablauf der Spatzen aus Kindersicht<\/strong><\/span><\/h2>\n<p style=\"text-align: center;\"><span style=\"color: #ba1a1a;\">Hallo, ich bin Henriette, 5 Jahre alt, besuche die Spatzengruppe und komme im Sommer zur Schule. Ich m\u00f6chte euch mal erz\u00e4hlen, was ich alles so\u00a0 erlebe an einem Tag in meiner Kita. <\/span><span style=\"color: #ba1a1a;\">Wenn Mama und Papa fr\u00fch arbeiten, bringen sie mich um 7.00 Uhr zur Kita. Zuerst ziehe ich meine Jacke und Schuhe aus und meine Hausschuhe an. Dann gehe ich zur Fr\u00fchbetreuung in die Igelgruppe, verabschiede mich von Mama oder Papa und begr\u00fc\u00dfe meine Erzieherinnen. Gleich kommt meine Freundin Rosalie, da freue ich mich sehr. <\/span><span style=\"color: #ba1a1a;\">Um 8.15 Uhr gehen wir r\u00fcber in meine Gruppe, zu den Spatzen. Dort spiele ich mit Rosalie in der Puppenwohnung oder in der Bauecke, manchmal male ich ein Bild, oder wir spielen mein Lieblingsspiel \u201eMensch \u00e4rgere dich nicht\u201c. <\/span><span style=\"color: #ba1a1a;\">Um 8.45 Uhr kommt mein bester Freund Max mit dem Bus. Dann fr\u00fchst\u00fccken erst mal alle Spatzenkinder und Erzieherinnen gemeinsam. Anschlie\u00dfend r\u00e4umen wir ab, waschen uns die H\u00e4nde und treffen uns auf dem Baueckenteppich zur \u201eAnwesenheitsliste\u201c. Das mag ich gern: die Erzieherinnen notieren, wer da ist und wer fehlt. Das ist wichtig, wir m\u00fcssen ja schlie\u00dflich wissen, wie viele Kinder da sind\u2026 Das verbinden wir immer mit einem kleinen Spiel. Wenn ich das Thema w\u00e4hlen darf, suche ich mir oft die \u201eKuscheltierliste\u201c aus. Jedes Kind, das an der Reihe ist, nennt sein Lieblingskuscheltier. \u00dcbrigens, mein Lieblingskuscheltier ist Fritz, mein Kuschelhase. Dann z\u00e4hlt ein Kind die anwesenden Kinder. <\/span><span style=\"color: #ba1a1a;\">Weil ich ein Vorschulkind bin, nehme ich an Projekten teil. Sie finden an unterschiedlichen Tagen statt. Meine Eltern sagen, da lerne ich ganz viel, schlie\u00dflich komme ich ja bald zur Schule. Und ich muss sagen, ich glaube, sie haben Recht!\u00a0 <\/span><span style=\"color: #ba1a1a;\">Meine Erzieherinnen \u00fcberlegen sich echt tolle Sachen f\u00fcr uns: <\/span><span style=\"color: #ba1a1a;\">Wir verbringen Zeit in der Natur ( im Wald, auf der Wiese, Ausflug zum Bauernhof\u2026) und lernen einiges \u00fcber sie. Ich kenne viele B\u00e4ume und kann ihre Bl\u00e4tter zuordnen. Toll finde ich auch, wenn wir picknicken oder im Wald spielen. Meine Erzieher nennen dieses Projekt Naturerlebnistage. Ich sag einfach nur, es ist sch\u00f6n! <\/span><span style=\"color: #ba1a1a;\">Wir erfahren viel \u00fcber Formen \u00a0( ich kenne den Kreis, das Dreieck, Quadrat, Rechteck, die Elypse\u2026)\u00a0 und kenne Zahlen mindestens bis 10. <\/span><span style=\"color: #ba1a1a;\">Mit dem Au\u00dferirdischen Wuppi\u00a0 erleben wir das Abenteuer Sprache, ich kann echt gut reimen\u2026.Stellt euch vor, es gibt hier und da Hausaufgaben. Manchmal denke ich an sie\u2026 <\/span><span style=\"color: #ba1a1a;\">Die Ameise Fred macht mit uns lustige Experimente, dabei habe ich auch Spa\u00df. Wisst ihr was Natriumhydrogencarbonat ist? Ich wei\u00df es ! Kleiner Tipp, ihr braucht es zum Backen\u2026. <\/span><span style=\"color: #ba1a1a;\">W\u00e4hrend wir Vorschulkinder an unseren Projekten arbeiten, haben die j\u00fcngeren Kinder den Gruppenraum f\u00fcr sich und erleben \u00a0viele sch\u00f6ne Dinge. Ich glaube, die sind manchmal ganz froh, wenn wir woanders sind, da haben sie viel mehr Platz, Ruhe und Spielm\u00f6glichkeiten\u2026. <\/span><span style=\"color: #ba1a1a;\">Aber nat\u00fcrlich habe ich immer noch genug Zeit, um mit meinen Freunden zu spielen, z.B. im Kaufladen, auf dem Baumhaus, zu puzzeln, ein Tischspiel zu machen. Gerne schaue ich Bilderb\u00fccher an oder male und bastele\u2026 <\/span><span style=\"color: #ba1a1a;\">Danach gehen wir auf unseren Spielplatz. Bei schlechtem Wetter ziehe ich Matschkleidung und Gummistiefel an. Unser Spielplatz finde ich klasse: der Kletterbaum ist toll und der Sandkasten. Im Sommer mag ich die Wasserspiele\u2026 Wir haben auch\u00a0 genug Platz zum Fangenspielen und Verstecken. <\/span><span style=\"color: #ba1a1a;\">Vor dem Essen, um 12.00 Uhr f\u00e4hrt mein Freund Max mit dem Bus nach Hause: schade, aber morgen sehen wir uns ja wieder. Wir essen gemeinsam zu Mittag. Meistens schmeckt mir das Essen gut. Am liebsten mag ich Nudelsuppe oder Reis mit Fleisch und So\u00dfe. Meine Lieblingsnachtische sind Schokoladenpudding und Obstsalat. <\/span><span style=\"color: #ba1a1a;\">Nach dem Essen machen wir es uns gem\u00fctlich, wir ruhen ein wenig aus, schauen ein Buch oder h\u00f6ren eine Geschichte \u2026 Das mag ich gern. <\/span><span style=\"color: #ba1a1a;\">Danach werden einige Kinder abgeholt. Ich gehe auch manchmal um diese Zeit nach Hause. Wenn meine Eltern l\u00e4nger arbeiten,\u00a0 bleibe ich bis 15 oder 16.00 Uhr. Das ist f\u00fcr mich o.k., ich habe Spa\u00df mit meinen Freunden, es gibt immer etwas zu erleben: wir spielen in der Gruppe oder im Au\u00dfengel\u00e4nde\u2026 <\/span><span style=\"color: #ba1a1a;\">Um 14.30 gibt es den Nachmittagssnack, meist Obst und Rohkost, mmmmhhh, lecker! <\/span><span style=\"color: #ba1a1a;\">Nach einem sch\u00f6nen Tag holt mich meine Mama ab, ich freue mich schon auf morgen\u2026.<\/span><\/p>\n<p style=\"text-align: center;\"><span style=\"color: #ba1a1a;\">Eure Henriette.<\/span><\/p>\n<p>&nbsp;<\/p>\n<p>&nbsp;<\/p>\n<p>&nbsp;<\/p>\n","protected":false},"excerpt":{"rendered":"<p>Unsere Kindertagesst\u00e4tte besteht aus der Spatzen- und der Igelgruppe mit insgesamt 47 Kindern. &nbsp; Igelgruppe Hallo, wir sind die Igelein, von 2-4, nicht mehr ganz klein. Bei uns kann man spielen, kuscheln, lachen und viele tolle Sachen machen. Hier gibt\u00b4s &hellip; <\/p>\n","protected":false},"author":2,"featured_media":0,"parent":0,"menu_order":0,"comment_status":"closed","ping_status":"closed","template":"","meta":{"footnotes":""},"class_list":["post-299","page","type-page","status-publish","hentry"],"_links":{"self":[{"href":"https:\/\/kitaalthornbach.de\/index.php?rest_route=\/wp\/v2\/pages\/299","targetHints":{"allow":["GET"]}}],"collection":[{"href":"https:\/\/kitaalthornbach.de\/index.php?rest_route=\/wp\/v2\/pages"}],"about":[{"href":"https:\/\/kitaalthornbach.de\/index.php?rest_route=\/wp\/v2\/types\/page"}],"author":[{"embeddable":true,"href":"https:\/\/kitaalthornbach.de\/index.php?rest_route=\/wp\/v2\/users\/2"}],"replies":[{"embeddable":true,"href":"https:\/\/kitaalthornbach.de\/index.php?rest_route=%2Fwp%2Fv2%2Fcomments&post=299"}],"version-history":[{"count":10,"href":"https:\/\/kitaalthornbach.de\/index.php?rest_route=\/wp\/v2\/pages\/299\/revisions"}],"predecessor-version":[{"id":664,"href":"https:\/\/kitaalthornbach.de\/index.php?rest_route=\/wp\/v2\/pages\/299\/revisions\/664"}],"wp:attachment":[{"href":"https:\/\/kitaalthornbach.de\/index.php?rest_route=%2Fwp%2Fv2%2Fmedia&parent=299"}],"curies":[{"name":"wp","href":"https:\/\/api.w.org\/{rel}","templated":true}]}}