{"id":33,"date":"2019-11-11T12:36:33","date_gmt":"2019-11-11T11:36:33","guid":{"rendered":"https:\/\/kitaalthornbach.de\/?page_id=33"},"modified":"2020-08-25T09:32:03","modified_gmt":"2020-08-25T07:32:03","slug":"anmeldung-eingewoehnung","status":"publish","type":"page","link":"https:\/\/kitaalthornbach.de\/?page_id=33","title":{"rendered":"Anmeldung &#038; Eingew\u00f6hnung"},"content":{"rendered":"\r\n\r\n\r\n<h3 style=\"text-align: center;\"><span style=\"color: #ba1a1a;\">Anmeldung<\/span><\/h3>\r\n<p style=\"text-align: center;\"><span style=\"color: #ba1a1a;\">Haben wir Ihr Interesse an unserer Einrichtung geweckt?<\/span><\/p>\r\n<p style=\"text-align: center;\"><span style=\"color: #ba1a1a;\">Dann vereinbaren Sie mit der Leitung <strong>Frau Daniela Weber, 06338 7135\u00a0<\/strong>einen Termin zur Voranmeldung.<\/span><\/p>\r\n<p style=\"text-align: center;\"><span style=\"color: #ba1a1a;\">Nach erfolgter Voranmeldung wird sich die Kitaleitung sp\u00e4testens drei Monate vor der Aufnahme mit Ihnen in Verbindung setzen, um einen Gespr\u00e4chstermin mit einer zuk\u00fcnftigen Erzieherin Ihres Kindes zu vereinbaren.<\/span><\/p>\r\n<p style=\"text-align: center;\">\u00a0<\/p>\r\n<h3 style=\"text-align: center;\"><span style=\"color: #ba1a1a;\">Eingew\u00f6hnung<\/span><\/h3>\r\n<p style=\"text-align: center;\"><span style=\"color: #ba1a1a;\">F\u00fcr den Einstieg in die Kita braucht jedes Kind unterschiedlich lang. Grunds\u00e4tzlich ist eine Eingew\u00f6hnungszeit von 4-6 Wochen realistisch. Es ist f\u00fcr eine gelungene Eingew\u00f6hnung Ihres Kindes wichtig, dass Sie als Eltern Zeit mitbringen, und dass Sie diese bedeutende Phase in Ihre Planung ( z.B. beruflich\u2026) miteinrechnen.<\/span><\/p>\r\n<p style=\"text-align: center;\"><span style=\"color: #ba1a1a;\">Bei der Eingew\u00f6hnung orientieren wir uns am Berliner Modell, sie wird individuell auf Ihr Kind abgestimmt. Absprachen mit dem p\u00e4d. Fachpersonal und deren Einhaltung sind von gro\u00dfer Bedeutung.<\/span><\/p>\r\n<p style=\"text-align: center;\"><span style=\"color: #ba1a1a;\">Mehr Informationen zur Eingew\u00f6hnung finden Sie in unseren Eingew\u00f6hnungstipps: <span style=\"color: #3366ff;\"><a style=\"color: #3366ff;\" href=\"https:\/\/kitaalthornbach.de\/wp-content\/uploads\/2020\/07\/Flyer-zur-Eingew\u00f6hnung.pdf\">pdf<\/a><\/span><br \/><\/span><\/p>\r\n<p>&nbsp;<\/p>\r\n<p>&nbsp;<\/p>\r\n","protected":false},"excerpt":{"rendered":"<p>Anmeldung Haben wir Ihr Interesse an unserer Einrichtung geweckt? Dann vereinbaren Sie mit der Leitung Frau Daniela Weber, 06338 7135\u00a0einen Termin zur Voranmeldung. Nach erfolgter Voranmeldung wird sich die Kitaleitung sp\u00e4testens drei Monate vor der Aufnahme mit Ihnen in Verbindung &hellip; <\/p>\n","protected":false},"author":2,"featured_media":0,"parent":0,"menu_order":0,"comment_status":"closed","ping_status":"closed","template":"","meta":{"footnotes":""},"class_list":["post-33","page","type-page","status-publish","hentry"],"_links":{"self":[{"href":"https:\/\/kitaalthornbach.de\/index.php?rest_route=\/wp\/v2\/pages\/33","targetHints":{"allow":["GET"]}}],"collection":[{"href":"https:\/\/kitaalthornbach.de\/index.php?rest_route=\/wp\/v2\/pages"}],"about":[{"href":"https:\/\/kitaalthornbach.de\/index.php?rest_route=\/wp\/v2\/types\/page"}],"author":[{"embeddable":true,"href":"https:\/\/kitaalthornbach.de\/index.php?rest_route=\/wp\/v2\/users\/2"}],"replies":[{"embeddable":true,"href":"https:\/\/kitaalthornbach.de\/index.php?rest_route=%2Fwp%2Fv2%2Fcomments&post=33"}],"version-history":[{"count":10,"href":"https:\/\/kitaalthornbach.de\/index.php?rest_route=\/wp\/v2\/pages\/33\/revisions"}],"predecessor-version":[{"id":639,"href":"https:\/\/kitaalthornbach.de\/index.php?rest_route=\/wp\/v2\/pages\/33\/revisions\/639"}],"wp:attachment":[{"href":"https:\/\/kitaalthornbach.de\/index.php?rest_route=%2Fwp%2Fv2%2Fmedia&parent=33"}],"curies":[{"name":"wp","href":"https:\/\/api.w.org\/{rel}","templated":true}]}}