{"id":390,"date":"2020-07-26T11:37:00","date_gmt":"2020-07-26T09:37:00","guid":{"rendered":"https:\/\/kitaalthornbach.de\/?page_id=390"},"modified":"2021-10-08T11:29:27","modified_gmt":"2021-10-08T09:29:27","slug":"unsere-kita","status":"publish","type":"page","link":"https:\/\/kitaalthornbach.de\/?page_id=390","title":{"rendered":"Unsere Kita"},"content":{"rendered":"<p style=\"text-align: center;\"><strong><span style=\"color: #ba1a1a;\"> Hier k\u00f6nnen Sie sich einen kleinen Einblick \u00fcber unser Storchennest machen.<\/span><\/strong><\/p>\n<p>&nbsp;<\/p>\n<p style=\"text-align: center;\">\u00a0<img loading=\"lazy\" decoding=\"async\" class=\"alignnone wp-image-789 \" src=\"https:\/\/kitaalthornbach.de\/wp-content\/uploads\/2021\/03\/20210218_134059-576x1024.jpg\" alt=\"\" width=\"541\" height=\"962\" srcset=\"https:\/\/kitaalthornbach.de\/wp-content\/uploads\/2021\/03\/20210218_134059-576x1024.jpg 576w, https:\/\/kitaalthornbach.de\/wp-content\/uploads\/2021\/03\/20210218_134059-169x300.jpg 169w, https:\/\/kitaalthornbach.de\/wp-content\/uploads\/2021\/03\/20210218_134059-768x1365.jpg 768w, https:\/\/kitaalthornbach.de\/wp-content\/uploads\/2021\/03\/20210218_134059-864x1536.jpg 864w, https:\/\/kitaalthornbach.de\/wp-content\/uploads\/2021\/03\/20210218_134059-1152x2048.jpg 1152w, https:\/\/kitaalthornbach.de\/wp-content\/uploads\/2021\/03\/20210218_134059-scaled.jpg 1440w\" sizes=\"auto, (max-width: 541px) 100vw, 541px\" \/><\/p>\n<p>&nbsp;<\/p>\n<p style=\"text-align: center;\"><span style=\"color: #ba1a1a;\"><strong>Direkt am Eingang finden sie unsere Werte und Fotos von uns<\/strong>.<\/span><\/p>\n<p>&nbsp;<\/p>\n<p><img loading=\"lazy\" decoding=\"async\" class=\"aligncenter wp-image-795 \" src=\"https:\/\/kitaalthornbach.de\/wp-content\/uploads\/2021\/03\/20210218_134103-2-652x1024.jpg\" alt=\"\" width=\"549\" height=\"862\" srcset=\"https:\/\/kitaalthornbach.de\/wp-content\/uploads\/2021\/03\/20210218_134103-2-652x1024.jpg 652w, https:\/\/kitaalthornbach.de\/wp-content\/uploads\/2021\/03\/20210218_134103-2-191x300.jpg 191w, https:\/\/kitaalthornbach.de\/wp-content\/uploads\/2021\/03\/20210218_134103-2-768x1207.jpg 768w, https:\/\/kitaalthornbach.de\/wp-content\/uploads\/2021\/03\/20210218_134103-2-977x1536.jpg 977w, https:\/\/kitaalthornbach.de\/wp-content\/uploads\/2021\/03\/20210218_134103-2-1303x2048.jpg 1303w, https:\/\/kitaalthornbach.de\/wp-content\/uploads\/2021\/03\/20210218_134103-2-scaled.jpg 1629w\" sizes=\"auto, (max-width: 549px) 100vw, 549px\" \/><\/p>\n<p>&nbsp;<\/p>\n<p>&nbsp;<\/p>\n<p style=\"text-align: center;\"><strong><span style=\"color: #ba1a1a;\">Hier sehen Sie den Eingangsbereich. Von hier aus geht es in unsere Gruppen, K\u00fcche, Turnraum, Wickelraum, Toiletten und Schlafr\u00e4ume. An den Garderoben findet jedes Kind einen Platz. Hier im Atrium treffen wir uns alle oft zum gemeinsamen Singen.<\/span><\/strong><\/p>\n<p>&nbsp;<\/p>\n<p style=\"text-align: center;\"><img loading=\"lazy\" decoding=\"async\" class=\"alignnone wp-image-799\" src=\"https:\/\/kitaalthornbach.de\/wp-content\/uploads\/2021\/03\/20210205_114549-300x169.jpg\" alt=\"\" width=\"607\" height=\"342\" srcset=\"https:\/\/kitaalthornbach.de\/wp-content\/uploads\/2021\/03\/20210205_114549-300x169.jpg 300w, https:\/\/kitaalthornbach.de\/wp-content\/uploads\/2021\/03\/20210205_114549-1024x576.jpg 1024w, https:\/\/kitaalthornbach.de\/wp-content\/uploads\/2021\/03\/20210205_114549-768x432.jpg 768w, https:\/\/kitaalthornbach.de\/wp-content\/uploads\/2021\/03\/20210205_114549-1536x864.jpg 1536w, https:\/\/kitaalthornbach.de\/wp-content\/uploads\/2021\/03\/20210205_114549-2048x1152.jpg 2048w\" sizes=\"auto, (max-width: 607px) 100vw, 607px\" \/><\/p>\n<p>&nbsp;<\/p>\n<p style=\"text-align: center;\">\u00a0 \u00a0<img loading=\"lazy\" decoding=\"async\" class=\"alignnone wp-image-797 \" src=\"https:\/\/kitaalthornbach.de\/wp-content\/uploads\/2021\/03\/P1020431-300x169.jpg\" alt=\"\" width=\"607\" height=\"342\" srcset=\"https:\/\/kitaalthornbach.de\/wp-content\/uploads\/2021\/03\/P1020431-300x169.jpg 300w, https:\/\/kitaalthornbach.de\/wp-content\/uploads\/2021\/03\/P1020431-1024x576.jpg 1024w, https:\/\/kitaalthornbach.de\/wp-content\/uploads\/2021\/03\/P1020431-768x432.jpg 768w, https:\/\/kitaalthornbach.de\/wp-content\/uploads\/2021\/03\/P1020431-1536x864.jpg 1536w, https:\/\/kitaalthornbach.de\/wp-content\/uploads\/2021\/03\/P1020431-2048x1152.jpg 2048w\" sizes=\"auto, (max-width: 607px) 100vw, 607px\" \/><\/p>\n<p>&nbsp;<\/p>\n<h3><\/h3>\n<p><img loading=\"lazy\" decoding=\"async\" class=\"alignleft wp-image-800 \" src=\"https:\/\/kitaalthornbach.de\/wp-content\/uploads\/2021\/03\/20210218_153023-1024x576.jpg\" alt=\"\" width=\"800\" height=\"450\" srcset=\"https:\/\/kitaalthornbach.de\/wp-content\/uploads\/2021\/03\/20210218_153023-1024x576.jpg 1024w, https:\/\/kitaalthornbach.de\/wp-content\/uploads\/2021\/03\/20210218_153023-300x169.jpg 300w, https:\/\/kitaalthornbach.de\/wp-content\/uploads\/2021\/03\/20210218_153023-768x432.jpg 768w, https:\/\/kitaalthornbach.de\/wp-content\/uploads\/2021\/03\/20210218_153023-1536x864.jpg 1536w, https:\/\/kitaalthornbach.de\/wp-content\/uploads\/2021\/03\/20210218_153023-2048x1152.jpg 2048w\" sizes=\"auto, (max-width: 800px) 100vw, 800px\" \/><\/p>\n<p>&nbsp;<\/p>\n<p>&nbsp;<\/p>\n<p>&nbsp;<\/p>\n<p style=\"text-align: center;\"><strong><span style=\"color: #ba1a1a;\">In unserer Spatzengruppe sind unsere Gro\u00dfen zu Hause (4-6 Jahre).<\/span><\/strong><\/p>\n<p>&nbsp;<\/p>\n<p><img loading=\"lazy\" decoding=\"async\" class=\"alignnone wp-image-803 \" src=\"https:\/\/kitaalthornbach.de\/wp-content\/uploads\/2021\/03\/20210218_153056-300x169.jpg\" alt=\"\" width=\"298\" height=\"168\" srcset=\"https:\/\/kitaalthornbach.de\/wp-content\/uploads\/2021\/03\/20210218_153056-300x169.jpg 300w, https:\/\/kitaalthornbach.de\/wp-content\/uploads\/2021\/03\/20210218_153056-1024x576.jpg 1024w, https:\/\/kitaalthornbach.de\/wp-content\/uploads\/2021\/03\/20210218_153056-768x432.jpg 768w, https:\/\/kitaalthornbach.de\/wp-content\/uploads\/2021\/03\/20210218_153056-1536x864.jpg 1536w, https:\/\/kitaalthornbach.de\/wp-content\/uploads\/2021\/03\/20210218_153056-2048x1152.jpg 2048w\" sizes=\"auto, (max-width: 298px) 100vw, 298px\" \/><\/p>\n<p>&nbsp;<\/p>\n<p>&nbsp;<\/p>\n<p>&nbsp;<\/p>\n<p>&nbsp;<\/p>\n<p>&nbsp;<\/p>\n<p><img loading=\"lazy\" decoding=\"async\" class=\"alignleft wp-image-804 \" src=\"https:\/\/kitaalthornbach.de\/wp-content\/uploads\/2021\/03\/20210215_095815-1-1024x576.jpg\" alt=\"\" width=\"802\" height=\"451\" srcset=\"https:\/\/kitaalthornbach.de\/wp-content\/uploads\/2021\/03\/20210215_095815-1-1024x576.jpg 1024w, https:\/\/kitaalthornbach.de\/wp-content\/uploads\/2021\/03\/20210215_095815-1-300x169.jpg 300w, https:\/\/kitaalthornbach.de\/wp-content\/uploads\/2021\/03\/20210215_095815-1-768x432.jpg 768w, https:\/\/kitaalthornbach.de\/wp-content\/uploads\/2021\/03\/20210215_095815-1-1536x864.jpg 1536w, https:\/\/kitaalthornbach.de\/wp-content\/uploads\/2021\/03\/20210215_095815-1-2048x1152.jpg 2048w\" sizes=\"auto, (max-width: 802px) 100vw, 802px\" \/><\/p>\n<p>&nbsp;<\/p>\n<p>&nbsp;<\/p>\n<p>&nbsp;<\/p>\n<p style=\"text-align: center;\"><strong><span style=\"color: #ba1a1a;\">In der Igelgruppe spielen die Kinder von 2-4 Jahren.<\/span><\/strong><\/p>\n<p>&nbsp;<\/p>\n<p><img loading=\"lazy\" decoding=\"async\" class=\"alignnone wp-image-805\" src=\"https:\/\/kitaalthornbach.de\/wp-content\/uploads\/2021\/03\/20210215_095946-300x169.jpg\" alt=\"\" width=\"291\" height=\"164\" srcset=\"https:\/\/kitaalthornbach.de\/wp-content\/uploads\/2021\/03\/20210215_095946-300x169.jpg 300w, https:\/\/kitaalthornbach.de\/wp-content\/uploads\/2021\/03\/20210215_095946-1024x576.jpg 1024w, https:\/\/kitaalthornbach.de\/wp-content\/uploads\/2021\/03\/20210215_095946-768x432.jpg 768w, https:\/\/kitaalthornbach.de\/wp-content\/uploads\/2021\/03\/20210215_095946-1536x864.jpg 1536w, https:\/\/kitaalthornbach.de\/wp-content\/uploads\/2021\/03\/20210215_095946-2048x1152.jpg 2048w\" sizes=\"auto, (max-width: 291px) 100vw, 291px\" \/><\/p>\n<p>&nbsp;<\/p>\n<p>&nbsp;<\/p>\n<p>&nbsp;<\/p>\n<p>&nbsp;<\/p>\n<p>&nbsp;<\/p>\n<p><img loading=\"lazy\" decoding=\"async\" class=\"alignleft wp-image-807 \" src=\"https:\/\/kitaalthornbach.de\/wp-content\/uploads\/2021\/03\/20210218_110207-300x169.jpg\" alt=\"\" width=\"381\" height=\"215\" srcset=\"https:\/\/kitaalthornbach.de\/wp-content\/uploads\/2021\/03\/20210218_110207-300x169.jpg 300w, https:\/\/kitaalthornbach.de\/wp-content\/uploads\/2021\/03\/20210218_110207-1024x576.jpg 1024w, https:\/\/kitaalthornbach.de\/wp-content\/uploads\/2021\/03\/20210218_110207-768x432.jpg 768w, https:\/\/kitaalthornbach.de\/wp-content\/uploads\/2021\/03\/20210218_110207-1536x864.jpg 1536w, https:\/\/kitaalthornbach.de\/wp-content\/uploads\/2021\/03\/20210218_110207-2048x1152.jpg 2048w\" sizes=\"auto, (max-width: 381px) 100vw, 381px\" \/><\/p>\n<p><img loading=\"lazy\" decoding=\"async\" class=\"alignleft wp-image-806\" src=\"https:\/\/kitaalthornbach.de\/wp-content\/uploads\/2021\/03\/20210218_110018-300x169.jpg\" alt=\"\" width=\"510\" height=\"288\" srcset=\"https:\/\/kitaalthornbach.de\/wp-content\/uploads\/2021\/03\/20210218_110018-300x169.jpg 300w, https:\/\/kitaalthornbach.de\/wp-content\/uploads\/2021\/03\/20210218_110018-1024x576.jpg 1024w, https:\/\/kitaalthornbach.de\/wp-content\/uploads\/2021\/03\/20210218_110018-768x432.jpg 768w, https:\/\/kitaalthornbach.de\/wp-content\/uploads\/2021\/03\/20210218_110018-1536x864.jpg 1536w, https:\/\/kitaalthornbach.de\/wp-content\/uploads\/2021\/03\/20210218_110018-2048x1152.jpg 2048w\" sizes=\"auto, (max-width: 510px) 100vw, 510px\" \/><\/p>\n<p>&nbsp;<\/p>\n<p>&nbsp;<\/p>\n<p style=\"text-align: center;\"><strong><span style=\"color: #ba1a1a;\">Im Turnraum toben sich Gro\u00df und Klein aus.\u00a0<\/span><\/strong><\/p>\n<p>&nbsp;<\/p>\n<p>&nbsp;<\/p>\n<p>&nbsp;<\/p>\n<p>&nbsp;<\/p>\n<p>&nbsp;<\/p>\n<p style=\"text-align: center;\"><strong><span style=\"color: #ba1a1a;\">M\u00e4usezimmer\/Schlafraum (<\/span><\/strong><strong><span style=\"color: #ba1a1a;\">mit traumhaften Motiven\u00a0<\/span><\/strong><strong><span style=\"color: #ba1a1a;\">gemalt von Joachim L\u00fcttge):<\/span><\/strong><\/p>\n<p>Das M\u00e4usezimmer nutzen wir vormittags f\u00fcr Kinder unter 2 Jahren. Nach dem Mittagessen wird es zum Schlafraum umfunktioniert.<\/p>\n<p>Dies ist eine provisorische \u00dcbergangsl\u00f6sung bis der Kitaanbau steht.<\/p>\n<p>&nbsp;<\/p>\n<p><img loading=\"lazy\" decoding=\"async\" class=\"alignnone wp-image-897 \" src=\"https:\/\/kitaalthornbach.de\/wp-content\/uploads\/2021\/10\/20211005_152047-300x169.jpg\" alt=\"\" width=\"593\" height=\"334\" srcset=\"https:\/\/kitaalthornbach.de\/wp-content\/uploads\/2021\/10\/20211005_152047-300x169.jpg 300w, https:\/\/kitaalthornbach.de\/wp-content\/uploads\/2021\/10\/20211005_152047-1024x576.jpg 1024w, https:\/\/kitaalthornbach.de\/wp-content\/uploads\/2021\/10\/20211005_152047-768x432.jpg 768w, https:\/\/kitaalthornbach.de\/wp-content\/uploads\/2021\/10\/20211005_152047-1536x864.jpg 1536w, https:\/\/kitaalthornbach.de\/wp-content\/uploads\/2021\/10\/20211005_152047-2048x1152.jpg 2048w\" sizes=\"auto, (max-width: 593px) 100vw, 593px\" \/><\/p>\n<p><img loading=\"lazy\" decoding=\"async\" class=\"alignnone wp-image-898 \" src=\"https:\/\/kitaalthornbach.de\/wp-content\/uploads\/2021\/10\/20211005_152148-300x169.jpg\" alt=\"\" width=\"593\" height=\"334\" srcset=\"https:\/\/kitaalthornbach.de\/wp-content\/uploads\/2021\/10\/20211005_152148-300x169.jpg 300w, https:\/\/kitaalthornbach.de\/wp-content\/uploads\/2021\/10\/20211005_152148-1024x576.jpg 1024w, https:\/\/kitaalthornbach.de\/wp-content\/uploads\/2021\/10\/20211005_152148-768x432.jpg 768w, https:\/\/kitaalthornbach.de\/wp-content\/uploads\/2021\/10\/20211005_152148-1536x864.jpg 1536w, https:\/\/kitaalthornbach.de\/wp-content\/uploads\/2021\/10\/20211005_152148-2048x1152.jpg 2048w\" sizes=\"auto, (max-width: 593px) 100vw, 593px\" \/><\/p>\n<p><img loading=\"lazy\" decoding=\"async\" class=\"alignnone wp-image-899 \" src=\"https:\/\/kitaalthornbach.de\/wp-content\/uploads\/2021\/10\/20211005_151629-300x169.jpg\" alt=\"\" width=\"589\" height=\"332\" srcset=\"https:\/\/kitaalthornbach.de\/wp-content\/uploads\/2021\/10\/20211005_151629-300x169.jpg 300w, https:\/\/kitaalthornbach.de\/wp-content\/uploads\/2021\/10\/20211005_151629-1024x576.jpg 1024w, https:\/\/kitaalthornbach.de\/wp-content\/uploads\/2021\/10\/20211005_151629-768x432.jpg 768w, https:\/\/kitaalthornbach.de\/wp-content\/uploads\/2021\/10\/20211005_151629-1536x864.jpg 1536w, https:\/\/kitaalthornbach.de\/wp-content\/uploads\/2021\/10\/20211005_151629-2048x1152.jpg 2048w\" sizes=\"auto, (max-width: 589px) 100vw, 589px\" \/><\/p>\n<p>&nbsp;<\/p>\n<h4><span style=\"color: #c22525;\">\u00a0 \u00a0 \u00a0 \u00a0 \u00a0 \u00a0 \u00a0 \u00a0 \u00a0 \u00a0 \u00a0 \u00a0 \u00a0 \u00a0 \u00a0 \u00a0 \u00a0 \u00a0 \u00a0 \u00a0 \u00a0 \u00a0 \u00a0 \u00a0 \u00a0 \u00a0 \u00a0 \u00a0 \u00a0 \u00a0 \u00a0 \u00a0 \u00a0 \u00a0 \u00a0 \u00a0 Unser Bad <\/span><\/h4>\n<p><img loading=\"lazy\" decoding=\"async\" class=\"alignnone wp-image-824\" src=\"https:\/\/kitaalthornbach.de\/wp-content\/uploads\/2021\/03\/P1020424-169x300.jpg\" alt=\"\" width=\"354\" height=\"628\" srcset=\"https:\/\/kitaalthornbach.de\/wp-content\/uploads\/2021\/03\/P1020424-169x300.jpg 169w, https:\/\/kitaalthornbach.de\/wp-content\/uploads\/2021\/03\/P1020424-576x1024.jpg 576w, https:\/\/kitaalthornbach.de\/wp-content\/uploads\/2021\/03\/P1020424-768x1365.jpg 768w, https:\/\/kitaalthornbach.de\/wp-content\/uploads\/2021\/03\/P1020424-864x1536.jpg 864w, https:\/\/kitaalthornbach.de\/wp-content\/uploads\/2021\/03\/P1020424-1152x2048.jpg 1152w, https:\/\/kitaalthornbach.de\/wp-content\/uploads\/2021\/03\/P1020424-scaled.jpg 1440w\" sizes=\"auto, (max-width: 354px) 100vw, 354px\" \/>\u00a0 \u00a0 \u00a0 \u00a0 \u00a0 \u00a0 \u00a0 \u00a0 \u00a0 \u00a0 \u00a0 \u00a0 \u00a0 \u00a0 \u00a0 \u00a0 \u00a0 \u00a0 \u00a0 \u00a0 \u00a0 <img loading=\"lazy\" decoding=\"async\" class=\"alignnone wp-image-826\" src=\"https:\/\/kitaalthornbach.de\/wp-content\/uploads\/2021\/03\/P1020425-169x300.jpg\" alt=\"\" width=\"353\" height=\"625\" \/><\/p>\n<p>&nbsp;<\/p>\n<h3><strong>Das Au\u00dfengel\u00e4nde<\/strong><\/h3>\n<p>&nbsp;<\/p>\n<p><img loading=\"lazy\" decoding=\"async\" class=\"alignnone wp-image-926 \" src=\"https:\/\/kitaalthornbach.de\/wp-content\/uploads\/2021\/10\/P1020061-300x225.jpg\" alt=\"\" width=\"703\" height=\"527\" srcset=\"https:\/\/kitaalthornbach.de\/wp-content\/uploads\/2021\/10\/P1020061-300x225.jpg 300w, https:\/\/kitaalthornbach.de\/wp-content\/uploads\/2021\/10\/P1020061-1024x768.jpg 1024w, https:\/\/kitaalthornbach.de\/wp-content\/uploads\/2021\/10\/P1020061-768x576.jpg 768w, https:\/\/kitaalthornbach.de\/wp-content\/uploads\/2021\/10\/P1020061-1536x1152.jpg 1536w, https:\/\/kitaalthornbach.de\/wp-content\/uploads\/2021\/10\/P1020061-2048x1536.jpg 2048w\" sizes=\"auto, (max-width: 703px) 100vw, 703px\" \/><\/p>\n<p><strong><span style=\"color: #ba1a1a; text-align: center;\">Igel- und Spatzengruppe haben je einen eigenen Ausgang zum Au\u00dfengel\u00e4nde. Auf der angrenzenden befestigten Fl\u00e4che k\u00f6nnen die Kinder mit Bobbycars, Dreir\u00e4dern und Rollern fahren.<\/span><\/strong><\/p>\n<p>&nbsp;<\/p>\n<p><img loading=\"lazy\" decoding=\"async\" class=\"alignnone wp-image-920 \" src=\"https:\/\/kitaalthornbach.de\/wp-content\/uploads\/2021\/10\/P1020075-300x225.jpg\" alt=\"\" width=\"555\" height=\"416\" srcset=\"https:\/\/kitaalthornbach.de\/wp-content\/uploads\/2021\/10\/P1020075-300x225.jpg 300w, https:\/\/kitaalthornbach.de\/wp-content\/uploads\/2021\/10\/P1020075-1024x768.jpg 1024w, https:\/\/kitaalthornbach.de\/wp-content\/uploads\/2021\/10\/P1020075-768x576.jpg 768w, https:\/\/kitaalthornbach.de\/wp-content\/uploads\/2021\/10\/P1020075-1536x1152.jpg 1536w, https:\/\/kitaalthornbach.de\/wp-content\/uploads\/2021\/10\/P1020075-2048x1536.jpg 2048w\" sizes=\"auto, (max-width: 555px) 100vw, 555px\" \/><img loading=\"lazy\" decoding=\"async\" class=\"alignnone wp-image-932\" src=\"https:\/\/kitaalthornbach.de\/wp-content\/uploads\/2021\/10\/P1020076-300x225.jpg\" alt=\"\" width=\"553\" height=\"415\" srcset=\"https:\/\/kitaalthornbach.de\/wp-content\/uploads\/2021\/10\/P1020076-300x225.jpg 300w, https:\/\/kitaalthornbach.de\/wp-content\/uploads\/2021\/10\/P1020076-1024x768.jpg 1024w, https:\/\/kitaalthornbach.de\/wp-content\/uploads\/2021\/10\/P1020076-768x576.jpg 768w, https:\/\/kitaalthornbach.de\/wp-content\/uploads\/2021\/10\/P1020076-1536x1152.jpg 1536w, https:\/\/kitaalthornbach.de\/wp-content\/uploads\/2021\/10\/P1020076-2048x1536.jpg 2048w\" sizes=\"auto, (max-width: 553px) 100vw, 553px\" \/><\/p>\n<p style=\"text-align: center;\"><strong><span style=\"color: #ba1a1a;\">Der Sandkasten ist das Herzst\u00fcck in unserem Au\u00dfengel\u00e4nde und\u00a0 sehr beliebt bei den Kindern.<\/span><\/strong><\/p>\n<p>&nbsp;<\/p>\n<p><img loading=\"lazy\" decoding=\"async\" class=\"alignnone wp-image-940 \" src=\"https:\/\/kitaalthornbach.de\/wp-content\/uploads\/2021\/10\/P1020078-300x225.jpg\" alt=\"\" width=\"482\" height=\"361\" srcset=\"https:\/\/kitaalthornbach.de\/wp-content\/uploads\/2021\/10\/P1020078-300x225.jpg 300w, https:\/\/kitaalthornbach.de\/wp-content\/uploads\/2021\/10\/P1020078-1024x768.jpg 1024w, https:\/\/kitaalthornbach.de\/wp-content\/uploads\/2021\/10\/P1020078-768x576.jpg 768w, https:\/\/kitaalthornbach.de\/wp-content\/uploads\/2021\/10\/P1020078-1536x1152.jpg 1536w, https:\/\/kitaalthornbach.de\/wp-content\/uploads\/2021\/10\/P1020078-2048x1536.jpg 2048w\" sizes=\"auto, (max-width: 482px) 100vw, 482px\" \/><img loading=\"lazy\" decoding=\"async\" class=\"alignnone wp-image-939 \" src=\"https:\/\/kitaalthornbach.de\/wp-content\/uploads\/2021\/10\/P1020083-1-300x225.jpg\" alt=\"\" width=\"483\" height=\"362\" srcset=\"https:\/\/kitaalthornbach.de\/wp-content\/uploads\/2021\/10\/P1020083-1-300x225.jpg 300w, https:\/\/kitaalthornbach.de\/wp-content\/uploads\/2021\/10\/P1020083-1-1024x768.jpg 1024w, https:\/\/kitaalthornbach.de\/wp-content\/uploads\/2021\/10\/P1020083-1-768x576.jpg 768w, https:\/\/kitaalthornbach.de\/wp-content\/uploads\/2021\/10\/P1020083-1-1536x1152.jpg 1536w, https:\/\/kitaalthornbach.de\/wp-content\/uploads\/2021\/10\/P1020083-1-2048x1536.jpg 2048w\" sizes=\"auto, (max-width: 483px) 100vw, 483px\" \/><\/p>\n<p><strong style=\"text-align: center;\"><span style=\"color: #ba1a1a;\">Vom Sandkasten aus geht\u00b4s \u00fcber die Rutschbahn und Treppe hinunter zu dem kleinen Kletterh\u00e4uschen.<\/span><\/strong><\/p>\n<p>&nbsp;<\/p>\n<p>&nbsp;<\/p>\n<p>&nbsp;<\/p>\n<p>&nbsp;<\/p>\n<p><img loading=\"lazy\" decoding=\"async\" class=\"alignnone wp-image-944 \" src=\"https:\/\/kitaalthornbach.de\/wp-content\/uploads\/2021\/10\/P1020084-300x225.jpg\" alt=\"\" width=\"316\" height=\"237\" srcset=\"https:\/\/kitaalthornbach.de\/wp-content\/uploads\/2021\/10\/P1020084-300x225.jpg 300w, https:\/\/kitaalthornbach.de\/wp-content\/uploads\/2021\/10\/P1020084-1024x768.jpg 1024w, https:\/\/kitaalthornbach.de\/wp-content\/uploads\/2021\/10\/P1020084-768x576.jpg 768w, https:\/\/kitaalthornbach.de\/wp-content\/uploads\/2021\/10\/P1020084-1536x1152.jpg 1536w, https:\/\/kitaalthornbach.de\/wp-content\/uploads\/2021\/10\/P1020084-2048x1536.jpg 2048w\" sizes=\"auto, (max-width: 316px) 100vw, 316px\" \/><img loading=\"lazy\" decoding=\"async\" class=\"alignnone wp-image-946\" src=\"https:\/\/kitaalthornbach.de\/wp-content\/uploads\/2021\/10\/P1020086-1-300x225.jpg\" alt=\"\" width=\"317\" height=\"238\" srcset=\"https:\/\/kitaalthornbach.de\/wp-content\/uploads\/2021\/10\/P1020086-1-300x225.jpg 300w, https:\/\/kitaalthornbach.de\/wp-content\/uploads\/2021\/10\/P1020086-1-1024x768.jpg 1024w, https:\/\/kitaalthornbach.de\/wp-content\/uploads\/2021\/10\/P1020086-1-768x576.jpg 768w, https:\/\/kitaalthornbach.de\/wp-content\/uploads\/2021\/10\/P1020086-1-1536x1152.jpg 1536w, https:\/\/kitaalthornbach.de\/wp-content\/uploads\/2021\/10\/P1020086-1-2048x1536.jpg 2048w\" sizes=\"auto, (max-width: 317px) 100vw, 317px\" \/> <img loading=\"lazy\" decoding=\"async\" class=\"alignnone wp-image-945\" src=\"https:\/\/kitaalthornbach.de\/wp-content\/uploads\/2021\/10\/P1020085-1-300x225.jpg\" alt=\"\" width=\"325\" height=\"244\" srcset=\"https:\/\/kitaalthornbach.de\/wp-content\/uploads\/2021\/10\/P1020085-1-300x225.jpg 300w, https:\/\/kitaalthornbach.de\/wp-content\/uploads\/2021\/10\/P1020085-1-1024x768.jpg 1024w, https:\/\/kitaalthornbach.de\/wp-content\/uploads\/2021\/10\/P1020085-1-768x576.jpg 768w, https:\/\/kitaalthornbach.de\/wp-content\/uploads\/2021\/10\/P1020085-1-1536x1152.jpg 1536w, https:\/\/kitaalthornbach.de\/wp-content\/uploads\/2021\/10\/P1020085-1-2048x1536.jpg 2048w\" sizes=\"auto, (max-width: 325px) 100vw, 325px\" \/><\/p>\n<p><strong style=\"text-align: center;\"><span style=\"color: #ba1a1a;\">Das Kletterh\u00e4uschen &#8222;Max und Moritz&#8220; befindet sich auf der unteren Ebene unseres Au\u00dfengel\u00e4ndes.<\/span><\/strong><\/p>\n<p>&nbsp;<\/p>\n<p>&nbsp;<\/p>\n<p>&nbsp;<\/p>\n<p>&nbsp;<\/p>\n<p>&nbsp;<\/p>\n<p>&nbsp;<\/p>\n<p><a href=\"https:\/\/kitaalthornbach.de\/wp-content\/uploads\/2020\/07\/IMG_2368-scaled.jpg\"><img loading=\"lazy\" decoding=\"async\" class=\"wp-image-514 alignright\" src=\"https:\/\/kitaalthornbach.de\/wp-content\/uploads\/2020\/07\/IMG_2368-300x200.jpg\" alt=\"\" width=\"411\" height=\"274\" srcset=\"https:\/\/kitaalthornbach.de\/wp-content\/uploads\/2020\/07\/IMG_2368-300x200.jpg 300w, https:\/\/kitaalthornbach.de\/wp-content\/uploads\/2020\/07\/IMG_2368-1024x683.jpg 1024w, https:\/\/kitaalthornbach.de\/wp-content\/uploads\/2020\/07\/IMG_2368-768x512.jpg 768w, https:\/\/kitaalthornbach.de\/wp-content\/uploads\/2020\/07\/IMG_2368-2048x1365.jpg 2048w\" sizes=\"auto, (max-width: 411px) 100vw, 411px\" \/><\/a><\/p>\n<p>&nbsp;<\/p>\n<p>&nbsp;<\/p>\n<p>&nbsp;<\/p>\n<p style=\"text-align: center;\"><span style=\"color: #ba1a1a;\"><b>Mit der Nestschaukel und zwei Einzelschaukeln geht\u00b4s in luftige H\u00f6hen.<\/b><\/span><\/p>\n<p>&nbsp;<\/p>\n<p>&nbsp;<\/p>\n<p>&nbsp;<\/p>\n<p>&nbsp;<\/p>\n<p>&nbsp;<\/p>\n<p>&nbsp;<\/p>\n<p>&nbsp;<\/p>\n<p><img loading=\"lazy\" decoding=\"async\" class=\"alignnone wp-image-955\" src=\"https:\/\/kitaalthornbach.de\/wp-content\/uploads\/2021\/10\/P1020791-169x300.jpg\" alt=\"\" width=\"302\" height=\"536\" srcset=\"https:\/\/kitaalthornbach.de\/wp-content\/uploads\/2021\/10\/P1020791-169x300.jpg 169w, https:\/\/kitaalthornbach.de\/wp-content\/uploads\/2021\/10\/P1020791-576x1024.jpg 576w, https:\/\/kitaalthornbach.de\/wp-content\/uploads\/2021\/10\/P1020791-768x1365.jpg 768w, https:\/\/kitaalthornbach.de\/wp-content\/uploads\/2021\/10\/P1020791-864x1536.jpg 864w, https:\/\/kitaalthornbach.de\/wp-content\/uploads\/2021\/10\/P1020791-1152x2048.jpg 1152w, https:\/\/kitaalthornbach.de\/wp-content\/uploads\/2021\/10\/P1020791-scaled.jpg 1440w\" sizes=\"auto, (max-width: 302px) 100vw, 302px\" \/><img loading=\"lazy\" decoding=\"async\" class=\"alignnone wp-image-956\" src=\"https:\/\/kitaalthornbach.de\/wp-content\/uploads\/2021\/10\/P1020795-169x300.jpg\" alt=\"\" width=\"303\" height=\"537\" \/><a href=\"https:\/\/kitaalthornbach.de\/wp-content\/uploads\/2020\/07\/Naturerlebnissprojekt.jpg\"><img loading=\"lazy\" decoding=\"async\" class=\"wp-image-496 alignleft\" src=\"https:\/\/kitaalthornbach.de\/wp-content\/uploads\/2020\/07\/Naturerlebnissprojekt-300x300.jpg\" alt=\"\" width=\"458\" height=\"458\" srcset=\"https:\/\/kitaalthornbach.de\/wp-content\/uploads\/2020\/07\/Naturerlebnissprojekt-300x300.jpg 300w, https:\/\/kitaalthornbach.de\/wp-content\/uploads\/2020\/07\/Naturerlebnissprojekt-1024x1024.jpg 1024w, https:\/\/kitaalthornbach.de\/wp-content\/uploads\/2020\/07\/Naturerlebnissprojekt-150x150.jpg 150w, https:\/\/kitaalthornbach.de\/wp-content\/uploads\/2020\/07\/Naturerlebnissprojekt-768x768.jpg 768w, https:\/\/kitaalthornbach.de\/wp-content\/uploads\/2020\/07\/Naturerlebnissprojekt.jpg 1536w\" sizes=\"auto, (max-width: 458px) 100vw, 458px\" \/><\/a><\/p>\n<p style=\"text-align: center;\"><strong><span style=\"color: #ba1a1a;\">\u00a0Immer wieder besuchen uns Eichh\u00f6rnchen und Singv\u00f6gel, die wir gerne verpflegen.<\/span><\/strong><\/p>\n<p style=\"text-align: center;\"><strong><span style=\"color: #ba1a1a;\">Die Kinder d\u00fcrfen in unserem Au\u00dfenbereich gemeinsam die Futterh\u00e4user f\u00fcr die Eichh\u00f6rnchen und V\u00f6gel bef\u00fcllen.<\/span><\/strong><\/p>\n<p>&nbsp;<\/p>\n<p>&nbsp;<\/p>\n<p>&nbsp;<\/p>\n","protected":false},"excerpt":{"rendered":"<p>Hier k\u00f6nnen Sie sich einen kleinen Einblick \u00fcber unser Storchennest machen. &nbsp; \u00a0 &nbsp; Direkt am Eingang finden sie unsere Werte und Fotos von uns. &nbsp; &nbsp; &nbsp; Hier sehen Sie den Eingangsbereich. Von hier aus geht es in unsere &hellip; <\/p>\n","protected":false},"author":1,"featured_media":0,"parent":0,"menu_order":0,"comment_status":"closed","ping_status":"closed","template":"","meta":{"footnotes":""},"class_list":["post-390","page","type-page","status-publish","hentry"],"_links":{"self":[{"href":"https:\/\/kitaalthornbach.de\/index.php?rest_route=\/wp\/v2\/pages\/390","targetHints":{"allow":["GET"]}}],"collection":[{"href":"https:\/\/kitaalthornbach.de\/index.php?rest_route=\/wp\/v2\/pages"}],"about":[{"href":"https:\/\/kitaalthornbach.de\/index.php?rest_route=\/wp\/v2\/types\/page"}],"author":[{"embeddable":true,"href":"https:\/\/kitaalthornbach.de\/index.php?rest_route=\/wp\/v2\/users\/1"}],"replies":[{"embeddable":true,"href":"https:\/\/kitaalthornbach.de\/index.php?rest_route=%2Fwp%2Fv2%2Fcomments&post=390"}],"version-history":[{"count":94,"href":"https:\/\/kitaalthornbach.de\/index.php?rest_route=\/wp\/v2\/pages\/390\/revisions"}],"predecessor-version":[{"id":961,"href":"https:\/\/kitaalthornbach.de\/index.php?rest_route=\/wp\/v2\/pages\/390\/revisions\/961"}],"wp:attachment":[{"href":"https:\/\/kitaalthornbach.de\/index.php?rest_route=%2Fwp%2Fv2%2Fmedia&parent=390"}],"curies":[{"name":"wp","href":"https:\/\/api.w.org\/{rel}","templated":true}]}}