{"id":46,"date":"2019-11-11T12:38:36","date_gmt":"2019-11-11T11:38:36","guid":{"rendered":"https:\/\/kitaalthornbach.de\/?page_id=46"},"modified":"2020-07-31T12:52:41","modified_gmt":"2020-07-31T10:52:41","slug":"leitbild","status":"publish","type":"page","link":"https:\/\/kitaalthornbach.de\/?page_id=46","title":{"rendered":"Leitbild"},"content":{"rendered":"\r\n<p style=\"text-align: center;\"><img loading=\"lazy\" decoding=\"async\" id=\"1511420724\" class=\"alignright\" src=\"https:\/\/lirp-cdn.multiscreensite.com\/95631856\/dms3rep\/multi\/opt\/41673744-332w.jpg\" width=\"147\" height=\"185\" data-dm-image-path=\"https:\/\/irp-cdn.multiscreensite.com\/95631856\/dms3rep\/multi\/41673744.jpg\" \/><\/p>\r\n<h3 style=\"text-align: center;\"><span style=\"color: #ff6600;\"><strong>Unser Leitbild<\/strong><\/span><\/h3>\r\n<p style=\"text-align: center;\">Spielend durchs Leben durch&#8230;<\/p>\r\n<p style=\"text-align: left;\">\u00a0<\/p>\r\n\r\n\r\n\r\n\r\n\r\n<p style=\"text-align: center;\"><span style=\"color: #ffcc00;\"><strong>1. Kind- Bild vom Kind<\/strong><\/span><\/p>\r\n\r\n\r\n\r\n<p style=\"text-align: center;\"><em>\u201eEinfach spitze, dass Du da bist!\u201c<\/em><\/p>\r\n\r\n\r\n\r\n<p style=\"text-align: center;\">Jedes Kind erf\u00e4hrt bei uns einen wertsch\u00e4tzenden Umgang und findet einen Ort der Sicherheit und Geborgenheit. So kann es voller Vertrauen seine F\u00e4higkeiten entdecken, entwickeln und sich ausprobieren.<\/p>\r\n\r\n\r\n\r\n<p style=\"text-align: center;\">\u00a0<\/p>\r\n\r\n\r\n\r\n<p style=\"text-align: center;\"><strong> <img loading=\"lazy\" decoding=\"async\" id=\"1511420724\" class=\"alignleft\" src=\"https:\/\/lirp-cdn.multiscreensite.com\/95631856\/dms3rep\/multi\/opt\/41673744-332w.jpg\" width=\"51\" height=\"63\" data-dm-image-path=\"https:\/\/irp-cdn.multiscreensite.com\/95631856\/dms3rep\/multi\/41673744.jpg\" \/><span style=\"color: #e619a8;\">2. Kind- Lernen\/ Bildung\/ Gemeinschaft<\/span><\/strong><\/p>\r\n\r\n\r\n\r\n<p style=\"text-align: center;\"><em>Schritt f\u00fcr Schritt die Welt entdecken!<\/em><\/p>\r\n\r\n\r\n\r\n<p style=\"text-align: center;\">Um sich zu einem selbst\u00e4ndigen und respektvollen Menschen zu entwickeln, geben wir jedem Kind die M\u00f6glichkeit, eigene Lernerfahrungen zu sammeln. Jedes Kind kann seine Pers\u00f6nlichkeit einbringen und dadurch Gemeinschaft erleben.<\/p>\r\n\r\n\r\n\r\n<p style=\"text-align: center;\">\u00a0<\/p>\r\n\r\n\r\n\r\n<p style=\"text-align: center;\"><strong><span style=\"color: #99cc00;\"> 3. Team- Kompetenz\/ Qualit\u00e4t<\/span><img loading=\"lazy\" decoding=\"async\" id=\"1511420724\" class=\"alignright\" src=\"https:\/\/lirp-cdn.multiscreensite.com\/95631856\/dms3rep\/multi\/opt\/41673744-332w.jpg\" width=\"41\" height=\"52\" data-dm-image-path=\"https:\/\/irp-cdn.multiscreensite.com\/95631856\/dms3rep\/multi\/41673744.jpg\" \/><\/strong><\/p>\r\n\r\n\r\n\r\n<p style=\"text-align: center;\"><em>Miteinander-F\u00fcreinander!<\/em><\/p>\r\n\r\n\r\n\r\n<p style=\"text-align: center;\">Wir arbeiten im Team wertsch\u00e4tzend und respektvoll zusammen. Uns ist es ein Anliegen die Fachlichkeit und Qualit\u00e4t unserer Arbeit st\u00e4ndig weiterzuentwickeln. Dies zeigt sich im professionellen Handeln im t\u00e4glichen Miteinander.<\/p>\r\n\r\n\r\n\r\n<p style=\"text-align: center;\">\u00a0<\/p>\r\n\r\n\r\n\r\n<p style=\"text-align: center;\"><strong> <img loading=\"lazy\" decoding=\"async\" id=\"1511420724\" class=\"alignleft\" src=\"https:\/\/lirp-cdn.multiscreensite.com\/95631856\/dms3rep\/multi\/opt\/41673744-332w.jpg\" width=\"134\" height=\"168\" data-dm-image-path=\"https:\/\/irp-cdn.multiscreensite.com\/95631856\/dms3rep\/multi\/41673744.jpg\" \/><span style=\"color: #ff9900;\">4. Tr\u00e4ger-Zusammenarbeit<\/span><\/strong><\/p>\r\n\r\n\r\n\r\n<p style=\"text-align: center;\"><em>Was uns verbindet!<\/em><\/p>\r\n\r\n\r\n\r\n<p style=\"text-align: center;\">Die Zusammenarbeit mit dem Tr\u00e4ger zeichnet sich durch gegenseitiges Interesse, Offenheit, Klarheit und gemeinsame Ziele aus. Er unterst\u00fctzt uns in unserer Arbeit, durch einen wertsch\u00e4tzenden, regelm\u00e4\u00dfigen Austausch.<\/p>\r\n\r\n\r\n\r\n<p style=\"text-align: center;\">\u00a0<\/p>\r\n\r\n\r\n\r\n<p style=\"text-align: center;\"><span style=\"color: #30c7b0;\"><strong> 5. Kirchengemeinde-Zusammenarbeit<\/strong><\/span><\/p>\r\n\r\n\r\n\r\n<p style=\"text-align: center;\"><em>Wir sind ein Schatz in der Gemeinde!<\/em><\/p>\r\n\r\n\r\n\r\n<p style=\"text-align: center;\">Wir sind Teil der Kirchengemeinde und Begegnungsst\u00e4tte f\u00fcr Familien. Unser Miteinander wird getragen durch gegenseitiges Interesse und die Vernetzung zur Kirchengemeinde. Wir leben eine beidseitige Unterst\u00fctzung, arbeiten konstruktiv und vielf\u00e4ltig zusammen.<\/p>\r\n\r\n\r\n\r\n<p style=\"text-align: center;\">\u00a0<\/p>\r\n\r\n\r\n\r\n<p style=\"text-align: center;\"><strong><span style=\"color: #357ee6;\"> 6. Eltern-Zusammenarbeit<\/span><img loading=\"lazy\" decoding=\"async\" id=\"1511420724\" class=\"alignright\" src=\"https:\/\/lirp-cdn.multiscreensite.com\/95631856\/dms3rep\/multi\/opt\/41673744-332w.jpg\" width=\"210\" height=\"263\" data-dm-image-path=\"https:\/\/irp-cdn.multiscreensite.com\/95631856\/dms3rep\/multi\/41673744.jpg\" \/><\/strong><\/p>\r\n\r\n\r\n\r\n<p style=\"text-align: center;\"><em>Gemeinsam auf dem Weg!<\/em><\/p>\r\n\r\n\r\n\r\n<p style=\"text-align: center;\">Eltern sind f\u00fcr uns die wichtigsten Partner in der Erziehung der Kinder. Wir stehen uns unterst\u00fctzend und erg\u00e4nzend zur Seite. Gegenseitiges Vertrauen und Respekt sind uns wichtig und bilden die Grundlage f\u00fcr eine gute Zusammenarbeit.<\/p>\r\n\r\n\r\n\r\n<p style=\"text-align: center;\">\u00a0<\/p>\r\n\r\n\r\n\r\n<p style=\"text-align: center;\"><span style=\"color: #99cc00;\"><strong>\u00a0 7. Religi\u00f6se Bildung<\/strong><\/span><\/p>\r\n\r\n\r\n\r\n<p style=\"text-align: center;\">\u201eLasst die Kinder zu uns kommen.\u201c<\/p>\r\n\r\n\r\n\r\n<p style=\"text-align: center;\">Wertsch\u00e4tzung und die Annahme jedes Einzelnen geh\u00f6ren zu unserer christlichen Grundhaltung. Wir suchen mit den Kindern gemeinsam nach Antworten f\u00fcr ihre Fragen \u00fcber Gott und die Welt. Wir bieten Zugangsm\u00f6glichkeiten zum christlichen Glauben an. Kinder k\u00f6nnen bei uns Gebet, biblische Geschichten, christliche Lieder und die Feste des Kirchenjahres kennenlernen.<\/p>\r\n\r\n\r\n\r\n<p style=\"text-align: center;\">\u00a0<\/p>\r\n<p style=\"text-align: center;\"><span style=\"color: #ff9900;\"><strong>8. Interreligi\u00f6se\/ Interkulturelle Bildung<\/strong><\/span><\/p>\r\n\r\n\r\n\r\n<p style=\"text-align: center;\"><em>Alle sind willkommen<\/em><\/p>\r\n\r\n\r\n\r\n<p style=\"text-align: center;\">Als christliche Einrichtung sind wir offen f\u00fcr Familien verschiedener Kultur- und Glaubensrichtungen. Unser Ziel ist es, durch Akzeptanz, Toleranz und Respekt ein gelingendes Miteinander zu f\u00f6rdern.<\/p>\r\n\r\n\r\n\r\n<p style=\"text-align: center;\">\u00a0<\/p>\r\n\r\n\r\n\r\n<p style=\"text-align: center;\"><strong><img loading=\"lazy\" decoding=\"async\" id=\"1511420724\" class=\"alignleft\" src=\"https:\/\/lirp-cdn.multiscreensite.com\/95631856\/dms3rep\/multi\/opt\/41673744-332w.jpg\" width=\"103\" height=\"129\" data-dm-image-path=\"https:\/\/irp-cdn.multiscreensite.com\/95631856\/dms3rep\/multi\/41673744.jpg\" \/><span style=\"color: #008080;\">9. Vernetzung\/ Kooperationspartner<\/span><\/strong><\/p>\r\n\r\n\r\n\r\n<p style=\"text-align: center;\"><em>\u201eLasst uns miteinander!\u201c<\/em><\/p>\r\n\r\n\r\n\r\n<p style=\"text-align: center;\">Wir sind fester Bestandteil der Ortsgemeinde, der Kirchengemeinde sowie der Kooperationspartner, wie Schulen, Vereine, Beratungsstellen und vielen mehr. Durch ein aktives Miteinander, Transparenz nach Au\u00dfen und gegenseitiges Interesse entsteht eine wertsch\u00e4tzende, lebendige Zusammenarbeit.<\/p>\r\n\r\n\r\n\r\n<p style=\"text-align: center;\">\u00a0<\/p>\r\n\r\n\r\n\r\n<p style=\"text-align: center;\"><strong><span style=\"color: #ffcc00;\">10. \u00d6kologie-Nachhaltigkeit\/ Sch\u00f6pfung<\/span><img loading=\"lazy\" decoding=\"async\" id=\"1511420724\" class=\"alignright\" src=\"https:\/\/lirp-cdn.multiscreensite.com\/95631856\/dms3rep\/multi\/opt\/41673744-332w.jpg\" width=\"78\" height=\"98\" data-dm-image-path=\"https:\/\/irp-cdn.multiscreensite.com\/95631856\/dms3rep\/multi\/41673744.jpg\" \/><\/strong><\/p>\r\n\r\n\r\n\r\n<p style=\"text-align: center;\"><em>Gemeinsam an morgen denken<\/em><\/p>\r\n\r\n\r\n\r\n<p style=\"text-align: center;\">Durch einen achtsamen Umgang mit den wertvollen Sch\u00e4tzen der Natur vermitteln wir den Kindern im Alltag die Nachhaltigkeit unserer Umwelt.<\/p>\r\n\r\n\r\n\r\n\r\n\r\n<p>&nbsp;<\/p>\r\n<p><a href=\"https:\/\/kitaalthornbach.de\/wp-content\/uploads\/2020\/07\/Leitbild-1-1-scaled.jpg\"><img loading=\"lazy\" decoding=\"async\" class=\"wp-image-463 aligncenter\" src=\"https:\/\/kitaalthornbach.de\/wp-content\/uploads\/2020\/07\/Leitbild-1-1-300x210.jpg\" alt=\"\" width=\"623\" height=\"436\" srcset=\"https:\/\/kitaalthornbach.de\/wp-content\/uploads\/2020\/07\/Leitbild-1-1-300x210.jpg 300w, https:\/\/kitaalthornbach.de\/wp-content\/uploads\/2020\/07\/Leitbild-1-1-1024x718.jpg 1024w, https:\/\/kitaalthornbach.de\/wp-content\/uploads\/2020\/07\/Leitbild-1-1-768x538.jpg 768w, https:\/\/kitaalthornbach.de\/wp-content\/uploads\/2020\/07\/Leitbild-1-1-1536x1077.jpg 1536w, https:\/\/kitaalthornbach.de\/wp-content\/uploads\/2020\/07\/Leitbild-1-1-2048x1436.jpg 2048w\" sizes=\"auto, (max-width: 623px) 100vw, 623px\" \/><\/a><\/p>\r\n<p><a href=\"https:\/\/kitaalthornbach.de\/wp-content\/uploads\/2020\/07\/Leitbild-2-scaled.jpg\"><img loading=\"lazy\" decoding=\"async\" class=\"wp-image-464 aligncenter\" src=\"https:\/\/kitaalthornbach.de\/wp-content\/uploads\/2020\/07\/Leitbild-2-300x210.jpg\" alt=\"\" width=\"622\" height=\"436\" srcset=\"https:\/\/kitaalthornbach.de\/wp-content\/uploads\/2020\/07\/Leitbild-2-300x210.jpg 300w, https:\/\/kitaalthornbach.de\/wp-content\/uploads\/2020\/07\/Leitbild-2-1024x718.jpg 1024w, https:\/\/kitaalthornbach.de\/wp-content\/uploads\/2020\/07\/Leitbild-2-768x538.jpg 768w, https:\/\/kitaalthornbach.de\/wp-content\/uploads\/2020\/07\/Leitbild-2-1536x1077.jpg 1536w, https:\/\/kitaalthornbach.de\/wp-content\/uploads\/2020\/07\/Leitbild-2-2048x1436.jpg 2048w\" sizes=\"auto, (max-width: 622px) 100vw, 622px\" \/><\/a><\/p>\r\n","protected":false},"excerpt":{"rendered":"<p>Unser Leitbild Spielend durchs Leben durch&#8230; \u00a0 1. Kind- Bild vom Kind \u201eEinfach spitze, dass Du da bist!\u201c Jedes Kind erf\u00e4hrt bei uns einen wertsch\u00e4tzenden Umgang und findet einen Ort der Sicherheit und Geborgenheit. So kann es voller Vertrauen seine &hellip; <\/p>\n","protected":false},"author":2,"featured_media":0,"parent":31,"menu_order":0,"comment_status":"closed","ping_status":"closed","template":"","meta":{"footnotes":""},"class_list":["post-46","page","type-page","status-publish","hentry"],"_links":{"self":[{"href":"https:\/\/kitaalthornbach.de\/index.php?rest_route=\/wp\/v2\/pages\/46","targetHints":{"allow":["GET"]}}],"collection":[{"href":"https:\/\/kitaalthornbach.de\/index.php?rest_route=\/wp\/v2\/pages"}],"about":[{"href":"https:\/\/kitaalthornbach.de\/index.php?rest_route=\/wp\/v2\/types\/page"}],"author":[{"embeddable":true,"href":"https:\/\/kitaalthornbach.de\/index.php?rest_route=\/wp\/v2\/users\/2"}],"replies":[{"embeddable":true,"href":"https:\/\/kitaalthornbach.de\/index.php?rest_route=%2Fwp%2Fv2%2Fcomments&post=46"}],"version-history":[{"count":22,"href":"https:\/\/kitaalthornbach.de\/index.php?rest_route=\/wp\/v2\/pages\/46\/revisions"}],"predecessor-version":[{"id":556,"href":"https:\/\/kitaalthornbach.de\/index.php?rest_route=\/wp\/v2\/pages\/46\/revisions\/556"}],"up":[{"embeddable":true,"href":"https:\/\/kitaalthornbach.de\/index.php?rest_route=\/wp\/v2\/pages\/31"}],"wp:attachment":[{"href":"https:\/\/kitaalthornbach.de\/index.php?rest_route=%2Fwp%2Fv2%2Fmedia&parent=46"}],"curies":[{"name":"wp","href":"https:\/\/api.w.org\/{rel}","templated":true}]}}