{"id":55,"date":"2019-11-11T12:39:17","date_gmt":"2019-11-11T11:39:17","guid":{"rendered":"https:\/\/kitaalthornbach.de\/?page_id=55"},"modified":"2020-07-31T11:41:41","modified_gmt":"2020-07-31T09:41:41","slug":"essen","status":"publish","type":"page","link":"https:\/\/kitaalthornbach.de\/?page_id=55","title":{"rendered":"Essen"},"content":{"rendered":"<p style=\"text-align: center;\"><span style=\"color: #ba1a1a;\">Alle Kinder, die \u00fcber Mittag bleiben, nehmen am warmen Mittagessen teil. Hierf\u00fcr wird monatlich ein Pauschalbetrag von unserem Verwaltungsamt per Lastschrift eingezogen. Der Speiseplan h\u00e4ngt an der Pinnwand im Eingangsbereich aus. Das Mittagessen wird von unserem Koch im B\u00fcrgerhaus Althornbach zubereitet.<\/span><\/p>\r\n<p>&nbsp;<\/p>\r\n","protected":false},"excerpt":{"rendered":"<p>Alle Kinder, die \u00fcber Mittag bleiben, nehmen am warmen Mittagessen teil. Hierf\u00fcr wird monatlich ein Pauschalbetrag von unserem Verwaltungsamt per Lastschrift eingezogen. Der Speiseplan h\u00e4ngt an der Pinnwand im Eingangsbereich aus. Das Mittagessen wird von unserem Koch im B\u00fcrgerhaus Althornbach &hellip; <\/p>\n","protected":false},"author":2,"featured_media":0,"parent":31,"menu_order":0,"comment_status":"closed","ping_status":"closed","template":"","meta":{"footnotes":""},"class_list":["post-55","page","type-page","status-publish","hentry"],"_links":{"self":[{"href":"https:\/\/kitaalthornbach.de\/index.php?rest_route=\/wp\/v2\/pages\/55","targetHints":{"allow":["GET"]}}],"collection":[{"href":"https:\/\/kitaalthornbach.de\/index.php?rest_route=\/wp\/v2\/pages"}],"about":[{"href":"https:\/\/kitaalthornbach.de\/index.php?rest_route=\/wp\/v2\/types\/page"}],"author":[{"embeddable":true,"href":"https:\/\/kitaalthornbach.de\/index.php?rest_route=\/wp\/v2\/users\/2"}],"replies":[{"embeddable":true,"href":"https:\/\/kitaalthornbach.de\/index.php?rest_route=%2Fwp%2Fv2%2Fcomments&post=55"}],"version-history":[{"count":8,"href":"https:\/\/kitaalthornbach.de\/index.php?rest_route=\/wp\/v2\/pages\/55\/revisions"}],"predecessor-version":[{"id":537,"href":"https:\/\/kitaalthornbach.de\/index.php?rest_route=\/wp\/v2\/pages\/55\/revisions\/537"}],"up":[{"embeddable":true,"href":"https:\/\/kitaalthornbach.de\/index.php?rest_route=\/wp\/v2\/pages\/31"}],"wp:attachment":[{"href":"https:\/\/kitaalthornbach.de\/index.php?rest_route=%2Fwp%2Fv2%2Fmedia&parent=55"}],"curies":[{"name":"wp","href":"https:\/\/api.w.org\/{rel}","templated":true}]}}